{"id":500,"date":"2021-12-10T01:48:35","date_gmt":"2021-12-10T07:48:35","guid":{"rendered":"http:\/\/licoresveracruz.com\/?post_type=product&#038;p=500"},"modified":"2024-09-26T20:09:37","modified_gmt":"2024-09-27T01:09:37","slug":"ron-anejo-mocambo","status":"publish","type":"product","link":"https:\/\/licoresveracruz.com\/fr\/product\/rhum-anejo-mocambo\/","title":{"rendered":"RHUM VIEUX &quot;MOCAMBO&quot;"},"content":{"rendered":"<p><strong style=\"color: #850700;\">MOCAMBO Rhum Vieux<\/strong><\/p>\n<ul>\n<li> Avec une distillation minutieuse, nous cr\u00e9ons un rhum vieilli \u00e0 l&#39;ombre dans des f\u00fbts de ch\u00eane blanc.<\/li>\n<li> Europ\u00e9en, avec le syst\u00e8me Solera, obtenant un profil doux et l\u00e9ger exquis.<\/li>\n<li> Avec ce processus, nous cr\u00e9ons un produit exceptionnel que les connaisseurs distinguent et appr\u00e9cient.<\/li>\n<li> Boisson alcoolis\u00e9e \u00e0 base de jus de canne \u00e0 sucre.<\/li>\n<li> Le rhum est un produit du distillat du mo\u00fbt ferment\u00e9 de canne \u00e0 sucre.<\/li>\n<\/ul>\n<p><strong>VUE<\/strong> : Couleur ambr\u00e9e, cristalline et brillante, avec des reflets dor\u00e9s. Haute densit\u00e9 qui d\u00e9note un bon corps en raison de son \u00e9coulement lent<\/p>\n<p><strong>NEZ<\/strong> : Ar\u00f4me propre et caract\u00e9ristique du rhum des Cara\u00efbes, non alcoolis\u00e9. \u00c9quilibre des ar\u00f4mes de caramel, de bois, d&#39;\u00e9pices et de noix<\/p>\n<p><strong>BOUCHE<\/strong> : Go\u00fbt agr\u00e9able et chaleureux sans notes synth\u00e9tiques. Bouche charnue, agr\u00e9able et douce saveur d&#39;\u00e9pices, finement bois\u00e9e et avec une finale fruit\u00e9e et demi-s\u00e8che exquise.<\/p>\n<p><em>\u00c9quilibre entre ar\u00f4me et saveur.<\/em><\/p>\n<ul>\n<li> Il est recommand\u00e9 de le prendre frais, en ap\u00e9ritif ou en digestif<\/li>\n<li> Boisson indispensable pour pr\u00e9parer un Cuba Libre<\/li>\n<li> D\u00e9gustez-le pur, sur glace ou m\u00e9lang\u00e9 \u00e0 n&#39;importe quel cocktail<\/li>\n<\/ul>\n","protected":false},"excerpt":{"rendered":"<p>Distillation soign\u00e9e, un rhum vieilli \u00e0 l&#39;ombre en f\u00fbts de Ch\u00eane Blanc.<\/p>\n","protected":false},"featured_media":1049,"comment_status":"open","ping_status":"closed","template":"","meta":{"_wp_convertkit_post_meta":{"form":"-1","landing_page":"0","tag":"0","restrict_content":"0"}},"product_brand":[],"product_cat":[26],"product_tag":[193],"class_list":{"0":"post-500","1":"product","2":"type-product","3":"status-publish","4":"has-post-thumbnail","6":"product_cat-rones","7":"product_tag-de-lujo","9":"first","10":"instock","11":"taxable","12":"shipping-taxable","13":"purchasable","14":"product-type-variable"},"_links":{"self":[{"href":"https:\/\/licoresveracruz.com\/fr\/wp-json\/wp\/v2\/product\/500","targetHints":{"allow":["GET"]}}],"collection":[{"href":"https:\/\/licoresveracruz.com\/fr\/wp-json\/wp\/v2\/product"}],"about":[{"href":"https:\/\/licoresveracruz.com\/fr\/wp-json\/wp\/v2\/types\/product"}],"replies":[{"embeddable":true,"href":"https:\/\/licoresveracruz.com\/fr\/wp-json\/wp\/v2\/comments?post=500"}],"wp:featuredmedia":[{"embeddable":true,"href":"https:\/\/licoresveracruz.com\/fr\/wp-json\/wp\/v2\/media\/1049"}],"wp:attachment":[{"href":"https:\/\/licoresveracruz.com\/fr\/wp-json\/wp\/v2\/media?parent=500"}],"wp:term":[{"taxonomy":"product_brand","embeddable":true,"href":"https:\/\/licoresveracruz.com\/fr\/wp-json\/wp\/v2\/product_brand?post=500"},{"taxonomy":"product_cat","embeddable":true,"href":"https:\/\/licoresveracruz.com\/fr\/wp-json\/wp\/v2\/product_cat?post=500"},{"taxonomy":"product_tag","embeddable":true,"href":"https:\/\/licoresveracruz.com\/fr\/wp-json\/wp\/v2\/product_tag?post=500"}],"curies":[{"name":"wp","href":"https:\/\/api.w.org\/{rel}","templated":true}]}}