{"id":349,"date":"2021-12-08T18:32:13","date_gmt":"2021-12-09T00:32:13","guid":{"rendered":"https:\/\/licoresveracruz.com\/producto\/producto-45\/"},"modified":"2024-09-26T20:11:02","modified_gmt":"2024-09-27T01:11:02","slug":"rmocambob1000ml","status":"publish","type":"product","link":"https:\/\/licoresveracruz.com\/fr\/product\/rmocambob1000ml\/","title":{"rendered":"RHUM \"MOCAMBO\" PLATINE BLANC"},"content":{"rendered":"<p><strong style=\"color: #850700;\">RHUM \u00ab\u00a0MOCAMBO\u00a0\u00bb PLATINE BLANC<\/strong><\/p>\n<ul>\n<li>Boisson \u00e0 base de jus de canne \u00e0 sucre mexicain de la plus haute qualit\u00e9.<\/li>\n<li>Avec une distillation soigneuse, nous cr\u00e9ons un rhum blanc l\u00e9ger avec une saveur douce et fra\u00eeche.<\/li>\n<li>Avec ce processus, nous cr\u00e9ons un produit exceptionnel que les connaisseurs distinguent et appr\u00e9cient.<\/li>\n<li>Le rhum est un produit du distillat du mo\u00fbt ferment\u00e9 de canne \u00e0 sucre.<\/li>\n<li>Ce produit est un rhum vieilli pendant au moins 1 an dans de vieux f\u00fbts de ch\u00eane blanc s\u00e9lectionn\u00e9s, puis filtr\u00e9 pour obtenir un go\u00fbt plus agr\u00e9able en bouche.<\/li>\n<\/ul>\n<p><em>Notes de d\u00e9gustation :<\/em><\/p>\n<p><strong>VUE<\/strong> : Liquide translucide brillant et cristallin, haute densit\u00e9 qui d\u00e9note un bon corps et un d\u00e9bit lent<\/p>\n<p><strong>NEZ<\/strong> : Ar\u00f4me propre et caract\u00e9ristique du rhum des Cara\u00efbes, avec des notes douces de jus de canne, non alcoolis\u00e9. \u00c9quilibre des ar\u00f4mes de caramel, de bois, d&rsquo;\u00e9pices et de fruits secs<\/p>\n<p><strong>BOUCHE<\/strong> : Go\u00fbt agr\u00e9able et chaleureux sans notes synth\u00e9tiques. Robuste en bouche, saveur agr\u00e9able et douce, l\u00e9g\u00e8res notes de bois et une finale fruit\u00e9e et demi-s\u00e8che exquise et douce <em>\u00c9quilibre entre ar\u00f4me et saveur.<\/em><\/p>\n<ul>\n<li>Il est recommand\u00e9 de le prendre avec de la glace, et un zeste de citron, en ap\u00e9ritif ou en digestif<\/li>\n<li>Boisson indispensable pour pr\u00e9parer un Cuba Libre<\/li>\n<li>D\u00e9gustez-le pur, on the rocks ou m\u00e9lang\u00e9 dans le cocktail de votre choix<\/li>\n<\/ul>\n","protected":false},"excerpt":{"rendered":"<p>Boisson alcoolis\u00e9e \u00e0 base de jus de canne \u00e0 sucre.<\/p>\n","protected":false},"featured_media":1409,"comment_status":"open","ping_status":"closed","template":"","meta":[],"product_cat":[26],"product_tag":[193],"class_list":{"0":"post-349","1":"product","2":"type-product","3":"status-publish","4":"has-post-thumbnail","6":"product_cat-rones","7":"product_tag-de-lujo","9":"first","10":"instock","11":"taxable","12":"shipping-taxable","13":"purchasable","14":"product-type-variable"},"_links":{"self":[{"href":"https:\/\/licoresveracruz.com\/fr\/wp-json\/wp\/v2\/product\/349"}],"collection":[{"href":"https:\/\/licoresveracruz.com\/fr\/wp-json\/wp\/v2\/product"}],"about":[{"href":"https:\/\/licoresveracruz.com\/fr\/wp-json\/wp\/v2\/types\/product"}],"replies":[{"embeddable":true,"href":"https:\/\/licoresveracruz.com\/fr\/wp-json\/wp\/v2\/comments?post=349"}],"wp:featuredmedia":[{"embeddable":true,"href":"https:\/\/licoresveracruz.com\/fr\/wp-json\/wp\/v2\/media\/1409"}],"wp:attachment":[{"href":"https:\/\/licoresveracruz.com\/fr\/wp-json\/wp\/v2\/media?parent=349"}],"wp:term":[{"taxonomy":"product_cat","embeddable":true,"href":"https:\/\/licoresveracruz.com\/fr\/wp-json\/wp\/v2\/product_cat?post=349"},{"taxonomy":"product_tag","embeddable":true,"href":"https:\/\/licoresveracruz.com\/fr\/wp-json\/wp\/v2\/product_tag?post=349"}],"curies":[{"name":"wp","href":"https:\/\/api.w.org\/{rel}","templated":true}]}}