{"id":2855,"date":"2022-11-16T19:53:02","date_gmt":"2022-11-17T01:53:02","guid":{"rendered":"https:\/\/licoresveracruz.com\/?post_type=product&#038;p=2855"},"modified":"2025-05-07T16:15:05","modified_gmt":"2025-05-07T21:15:05","slug":"mezcal-artesanal-blanco-divino-100-agave-espadin-jjruiz","status":"publish","type":"product","link":"https:\/\/licoresveracruz.com\/fr\/product\/mezcal-artesanal-blanco-divino-100-agave-espadin-jjruiz\/","title":{"rendered":"MEZCAL ARTESANAL BLANCO \"DIVINO\" 100% AGAVE ESPAD\u00cdN (jjruiz)"},"content":{"rendered":"<p><strong style=\"color: #850700;\">MEZCAL ARTESANAL BLANCO \u00ab\u00a0DIVINO\u00a0\u00bb 100% AGAVE ESPAD\u00cdN<\/strong><\/p>\n<p>Es Un Sello 100% Mexicano De La Empresa Licores Veracruz Que Con Su Quinta Generaci\u00f3n Trabajando El Arte Del Mezcal, Diversifica Y Engrandece Su Marca Divino<\/p>\n<p>El nombre Divino recrea un homenaje a la majestuosidad y liderazgo de los pueblos prehisp\u00e1nicos, un reconocimiento al M\u00e9xico antiguo, a sus guerreros y dioses aztecas, pilares de nuestra patria.<\/p>\n<p>Los \u00edconos de la etiqueta de Mezcal Artesanal Blanco Divino, reflejan el proceso de elaboraci\u00f3n y significado del mezcal. Primero se refleja el poder del fuego, con el cocimiento del coraz\u00f3n del agave, etapa inicial esta bebida artesanal. Por su parte, el sol y la luna escenificados en la parte superior, representan el paso del tiempo, los ciclos de la siembra y la cosecha, el devenir del d\u00eda y la noche, per\u00edodos primordiales en el desarrollo y la vida de una planta de agave. De hecho, alrededor del sol y la luna, se encuentra el humo procedente del proceso del cocimiento, las bocanas subrayan el sabor ahumado del mezcal, caracter\u00edstica principal del \u00e9ste. Mientras tanto, las gotas que caen personifican el mezcal ya destilado. Los jaguares de la etiqueta, evocan el gran car\u00e1cter de esta bebida, recordemos que el jaguar es uno de los s\u00edmbolos y animales m\u00e1s importantes en Mesoam\u00e9rica. Finalmente los s\u00edmbolos del habla y\/o comunicaci\u00f3n que se encuentran en la etiqueta, hacen referencia a que el mezcal habla por s\u00ed mismo, cuenta historias, en cada trago uno puede darse cuenta de todos los elementos que lo constituyen, el tiempo, la naturaleza, tipo de maguey, la mano humana y el misticismo de esta bebida.<\/p>\n<p><em>Notas de Cata:<\/em><\/p>\n<p><strong>VISTA<\/strong>: En mezcal puro, cristalino, transparente y brillante; elaborado cuidadosamente con 100% agave espad\u00edn seleccionado. Destilado en Matatl\u00e1n, Oaxaca, la capital del mezcal. Cada botella est\u00e1 numerada y fechada a mano. Certificado por el Consejo Regulador del Mezcal.<\/p>\n<p><strong>NARIZ<\/strong>: Encontramos el delicado equilibrio del aromas tradicionales caracter\u00edsticos del agave espad\u00edn, suavemente herbal.<\/p>\n<p><strong>BOCA<\/strong>: En boca es fresco, delicado y ligero, con permanencia hasta el final. Ofrece un exquisito balance entre notas ahumadas y minerales que evocan su tierra.<\/p>\n","protected":false},"excerpt":{"rendered":"<p>Fresco, delicado y ligero, con permanencia.<\/p>\n","protected":false},"featured_media":1371,"comment_status":"open","ping_status":"closed","template":"","meta":[],"product_cat":[15],"product_tag":[188],"class_list":{"0":"post-2855","1":"product","2":"type-product","3":"status-publish","4":"has-post-thumbnail","6":"product_cat-sin-categorizar","7":"product_tag-ultra-premium","9":"first","10":"instock","11":"taxable","12":"shipping-taxable","13":"purchasable","14":"product-type-variable"},"_links":{"self":[{"href":"https:\/\/licoresveracruz.com\/fr\/wp-json\/wp\/v2\/product\/2855"}],"collection":[{"href":"https:\/\/licoresveracruz.com\/fr\/wp-json\/wp\/v2\/product"}],"about":[{"href":"https:\/\/licoresveracruz.com\/fr\/wp-json\/wp\/v2\/types\/product"}],"replies":[{"embeddable":true,"href":"https:\/\/licoresveracruz.com\/fr\/wp-json\/wp\/v2\/comments?post=2855"}],"wp:featuredmedia":[{"embeddable":true,"href":"https:\/\/licoresveracruz.com\/fr\/wp-json\/wp\/v2\/media\/1371"}],"wp:attachment":[{"href":"https:\/\/licoresveracruz.com\/fr\/wp-json\/wp\/v2\/media?parent=2855"}],"wp:term":[{"taxonomy":"product_cat","embeddable":true,"href":"https:\/\/licoresveracruz.com\/fr\/wp-json\/wp\/v2\/product_cat?post=2855"},{"taxonomy":"product_tag","embeddable":true,"href":"https:\/\/licoresveracruz.com\/fr\/wp-json\/wp\/v2\/product_tag?post=2855"}],"curies":[{"name":"wp","href":"https:\/\/api.w.org\/{rel}","templated":true}]}}