{"id":2029,"date":"2022-05-15T15:22:05","date_gmt":"2022-05-15T20:22:05","guid":{"rendered":"https:\/\/licoresveracruz.com\/?post_type=product&#038;p=2029"},"modified":"2024-09-25T18:26:59","modified_gmt":"2024-09-25T23:26:59","slug":"ron-anejo-mocambo-20-anos-edicion-arte-5000-ml","status":"publish","type":"product","link":"https:\/\/licoresveracruz.com\/fr\/product\/ron-anejo-mocambo-20-anos-edicion-arte-5000-ml\/","title":{"rendered":"RHUM \u201cMOCAMBO\u201d 20 ANS, \u00c9DITION D'ART 5000 ml"},"content":{"rendered":"<p><strong style=\"color: #850700;\">RON A\u00d1EJO \u00ab\u00a0MOCAMBO\u00a0\u00bb 20 A\u00d1OS EDICI\u00d3N ARTE<\/strong><\/p>\n<div class=\"g-simplecontent-item-leading-content\">Magnifica y exclusiva creaci\u00f3n. Nuestra Edici\u00f3n de Arte rinde un homenaje a las viejas t\u00e9cnicas precolombinas, mezcladas con un Ron A\u00f1ejo de sabor y car\u00e1cter, que solo la nobleza de origen y el saber del tiempo nos pueden dar.<\/div>\n<div class=\"g-simplecontent-item-leading-content\">La visi\u00f3n \u00fanica del Maestro V\u00edctor Fern\u00e1ndez, con las fibras vegetales del amate, lo llevan a ornamentar este estupendo Ron aplicando las antiguas artes Mexicanas en el arte contempor\u00e1neo.<\/div>\n<div class=\"g-simplecontent-item-main-content\">\n<p><strong>Crianza<\/strong>: A\u00f1ejado a 900 msnm en un clima subtropical h\u00famedo, en barricas vineras europeas de roble blanco Ron Mocambo 20 a\u00f1os m\u00e1gnum imperial, es una edici\u00f3n de arte limitada, envasada en una presentaci\u00f3n de 5 litros exclusiva creaci\u00f3n de licores Veracruz.<\/p>\n<p><em>Notas de Cata:<\/em><\/p>\n<p><strong>Vista<\/strong>: Color caoba, con destellos dorados y ambarinos. Perfectamente limpio. Excelente brillantez y alta densidad que nos promete un gran cuerpo, sugestivo y lento escurrimiento<\/p>\n<p><strong>Nariz<\/strong>: Compleja, muy interesante, en el ataque predomina la barrica, notas de vainilla, caramelo, almendras, avellanas y tabaco<\/p>\n<p><strong>Boca<\/strong>: Equilibrado, agradable y refinado; muy fino al paladar con un sutil y elegante final amaderado<\/p>\n<\/div>\n","protected":false},"excerpt":{"rendered":"<p>RON A\u00d1EJO \u00ab\u00a0MOCAMBO\u00a0\u00bb 20 A\u00d1OS EDICI\u00d3N ARTE Magnifica y exclusiva creaci\u00f3n. Nuestra Edici\u00f3n de Arte rinde un homenaje a las viejas t\u00e9cnicas precolombinas, mezcladas con un Ron A\u00f1ejo de sabor y car\u00e1cter, que solo la nobleza de origen y el saber del tiempo nos pueden dar. La visi\u00f3n \u00fanica del [&hellip;]<\/p>\n","protected":false},"featured_media":1362,"comment_status":"open","ping_status":"closed","template":"","meta":[],"product_cat":[200,252,26],"product_tag":[],"class_list":{"0":"post-2029","1":"product","2":"type-product","3":"status-publish","4":"has-post-thumbnail","6":"product_cat-coleccion","7":"product_cat-ron-mocambo-20-anos","8":"product_cat-rones","10":"first","11":"instock","12":"taxable","13":"shipping-taxable","14":"purchasable","15":"product-type-simple"},"_links":{"self":[{"href":"https:\/\/licoresveracruz.com\/fr\/wp-json\/wp\/v2\/product\/2029"}],"collection":[{"href":"https:\/\/licoresveracruz.com\/fr\/wp-json\/wp\/v2\/product"}],"about":[{"href":"https:\/\/licoresveracruz.com\/fr\/wp-json\/wp\/v2\/types\/product"}],"replies":[{"embeddable":true,"href":"https:\/\/licoresveracruz.com\/fr\/wp-json\/wp\/v2\/comments?post=2029"}],"wp:featuredmedia":[{"embeddable":true,"href":"https:\/\/licoresveracruz.com\/fr\/wp-json\/wp\/v2\/media\/1362"}],"wp:attachment":[{"href":"https:\/\/licoresveracruz.com\/fr\/wp-json\/wp\/v2\/media?parent=2029"}],"wp:term":[{"taxonomy":"product_cat","embeddable":true,"href":"https:\/\/licoresveracruz.com\/fr\/wp-json\/wp\/v2\/product_cat?post=2029"},{"taxonomy":"product_tag","embeddable":true,"href":"https:\/\/licoresveracruz.com\/fr\/wp-json\/wp\/v2\/product_tag?post=2029"}],"curies":[{"name":"wp","href":"https:\/\/api.w.org\/{rel}","templated":true}]}}