{"id":2012,"date":"2022-05-13T17:44:07","date_gmt":"2022-05-13T22:44:07","guid":{"rendered":"https:\/\/licoresveracruz.com\/?post_type=product&#038;p=2012"},"modified":"2022-10-05T12:50:59","modified_gmt":"2022-10-05T17:50:59","slug":"mezcal-artesanal-reposado-lajita-con-gusanito-100-agave-espadin-700-ml","status":"publish","type":"product","link":"https:\/\/licoresveracruz.com\/fr\/product\/mezcal-artisanal-repos-lajita-avec-ver-100-agave-espadin-700-ml\/","title":{"rendered":"MEZCAL REPOSE ARTISANAL &quot;LAJITA&quot; AVEC ESPAD\u00cdN GUSANITO 100% AGAVE 700 ml"},"content":{"rendered":"<p><strong style=\"color: #850700;\">MEZCAL REPOSE ARTISANAL &quot;LAJITA&quot; AVEC 100% AGAVE ESPAD\u00cdN VER Repos<\/strong><\/p>\n<p>traditionnel avec ver.<\/p>\n<p>Reconnaissances\u00a0:<\/p>\n<ul>\n<li> <em>Challenge International des Spiritueux<\/em> 2004<\/li>\n<li> M\u00c9DAILLE D&#39;OR Mezcal Masters 2018<\/li>\n<li> La plus ancienne des boissons mexicaines avec un <em>bouquet<\/em> qui refl\u00e8te fid\u00e8lement la saveur traditionnelle d&#39;Oaxaca.<\/li>\n<li> Reposant dans des f\u00fbts de ch\u00eane, avec un ver maguey \u00e0 l&#39;int\u00e9rieur de chaque bouteille, aliment privil\u00e9gi\u00e9 de la noblesse azt\u00e8que.<\/li>\n<li> Fabriqu\u00e9 avec soin avec 100% Agave Espad\u00edn s\u00e9lectionn\u00e9.<\/li>\n<li> Distill\u00e9 \u00e0 Matatl\u00e1n, Oaxaca.<\/li>\n<li> Certifi\u00e9 par le Conseil de R\u00e9gulation du Mezcal.<\/li>\n<li> Coffret de 6 bouteilles de 700 ml \u00e0 40% Alc. Vol.<\/li>\n<\/ul>\n<p><em>Notes de d\u00e9gustation :<\/em><\/p>\n<p><strong>VUE<\/strong> : Liquide limpide avec une teinte dor\u00e9e, transparente et brillante.<\/p>\n<p><strong>NEZ<\/strong> : \u00c9quilibre frais et d\u00e9licat des ar\u00f4mes traditionnels caract\u00e9ristiques de mezcal et de ver maguey, l\u00e9g\u00e8rement herbac\u00e9 avec des notes fum\u00e9es et min\u00e9rales qui \u00e9voquent sa terre.<\/p>\n<p><strong>BOUCHE<\/strong> : \u00c9quilibre exquis entre la saveur du mezcal d&#39;Oaxaca et celle du ver maguey. Doux et l\u00e9ger mais avec \u00e9quilibre et permanence finale.<\/p>\n","protected":false},"excerpt":{"rendered":"<p>Un mezcal pur, cristallin et brillant<\/p>\n","protected":false},"featured_media":1770,"comment_status":"open","ping_status":"closed","template":"","meta":{"_wp_convertkit_post_meta":{"form":"-1","landing_page":"0","tag":"0","restrict_content":"0"}},"product_brand":[],"product_cat":[27],"product_tag":[188],"class_list":{"0":"post-2012","1":"product","2":"type-product","3":"status-publish","4":"has-post-thumbnail","6":"product_cat-mezcales","7":"product_tag-ultra-premium","9":"first","10":"instock","11":"taxable","12":"shipping-taxable","13":"product-type-external"},"_links":{"self":[{"href":"https:\/\/licoresveracruz.com\/fr\/wp-json\/wp\/v2\/product\/2012","targetHints":{"allow":["GET"]}}],"collection":[{"href":"https:\/\/licoresveracruz.com\/fr\/wp-json\/wp\/v2\/product"}],"about":[{"href":"https:\/\/licoresveracruz.com\/fr\/wp-json\/wp\/v2\/types\/product"}],"replies":[{"embeddable":true,"href":"https:\/\/licoresveracruz.com\/fr\/wp-json\/wp\/v2\/comments?post=2012"}],"wp:featuredmedia":[{"embeddable":true,"href":"https:\/\/licoresveracruz.com\/fr\/wp-json\/wp\/v2\/media\/1770"}],"wp:attachment":[{"href":"https:\/\/licoresveracruz.com\/fr\/wp-json\/wp\/v2\/media?parent=2012"}],"wp:term":[{"taxonomy":"product_brand","embeddable":true,"href":"https:\/\/licoresveracruz.com\/fr\/wp-json\/wp\/v2\/product_brand?post=2012"},{"taxonomy":"product_cat","embeddable":true,"href":"https:\/\/licoresveracruz.com\/fr\/wp-json\/wp\/v2\/product_cat?post=2012"},{"taxonomy":"product_tag","embeddable":true,"href":"https:\/\/licoresveracruz.com\/fr\/wp-json\/wp\/v2\/product_tag?post=2012"}],"curies":[{"name":"wp","href":"https:\/\/api.w.org\/{rel}","templated":true}]}}