{"id":1524,"date":"2022-03-01T00:23:52","date_gmt":"2022-03-01T06:23:52","guid":{"rendered":"https:\/\/licoresveracruz.com\/?post_type=product&#038;p=1524"},"modified":"2026-04-30T17:17:31","modified_gmt":"2026-04-30T22:17:31","slug":"mezcal-artesanal-blanco-divino-100-agave-espadin","status":"publish","type":"product","link":"https:\/\/licoresveracruz.com\/fr\/product\/mezcal-artisanal-blanco-divino-100-agave-espadin-copia\/","title":{"rendered":"MEZCAL ARTISANAL BLANC &quot;DIVINO&quot; ESPAD\u00cdN 100% AGAVE"},"content":{"rendered":"<p><strong style=\"color: #850700;\">WHITE ARTISANAL MEZCAL &quot;DIVINO&quot; 100% AGAVE ESPAD\u00cdN<\/strong><\/p>\n<p> Est Un Sceau 100% Mexicain De La Soci\u00e9t\u00e9 Licores Veracruz Qui Avec Sa Cinqui\u00e8me G\u00e9n\u00e9ration Travaillant L&#39;Art Du Mezcal, Diversifie Et \u00c9largit Sa Marque Divino.<\/p>\n<p>Le nom Divino recr\u00e9e un hommage \u00e0 la majest\u00e9 et au leadership de les peuples pr\u00e9hispaniques, une reconnaissance de l&#39;ancien Mexique, ses guerriers et dieux azt\u00e8ques, piliers de notre patrie.<\/p>\n<p>Les ic\u00f4nes sur l&#39;\u00e9tiquette Mezcal Artesanal Blanco Divino refl\u00e8tent le processus de production et la signification du mezcal. Tout d&#39;abord, la puissance du feu se retrouve, avec la cuisson du c\u0153ur de l&#39;agave, \u00e9tape initiale de cette boisson artisanale. De leur c\u00f4t\u00e9, le soleil et la lune mis en sc\u00e8ne dans la partie sup\u00e9rieure repr\u00e9sentent le passage du temps, les cycles de plantation et de r\u00e9colte, l&#39;\u00e9volution du jour et de la nuit, p\u00e9riodes primordiales dans le d\u00e9veloppement et la vie d&#39;une plante d&#39;agave. En effet, autour du soleil et de la lune, il y a la fum\u00e9e de la cuisson, les becs soulignent la saveur fum\u00e9e du mezcal, sa principale caract\u00e9ristique. Pendant ce temps, les gouttes qui tombent personnifient le mezcal d\u00e9j\u00e0 distill\u00e9. Les jaguars sur l&#39;\u00e9tiquette \u00e9voquent le grand caract\u00e8re de cette boisson, rappelons que le jaguar est l&#39;un des symboles et animaux les plus importants de la M\u00e9soam\u00e9rique. Enfin, les symboles de parole et\/ou de communication que l&#39;on retrouve sur l&#39;\u00e9tiquette font r\u00e9f\u00e9rence au fait que le mezcal parle de lui-m\u00eame, raconte des histoires, dans chaque boisson on peut se rendre compte de tous les \u00e9l\u00e9ments qui le constituent, le temps, la nature, le type de maguey, l&#39;humain main et le mysticisme de cette boisson.<\/p>\n<p><em>Notes de d\u00e9gustation :<\/em><\/p>\n<p><strong>VUE<\/strong> : Dans un mezcal pur, cristallin, transparent et brillant ; fabriqu\u00e9 avec soin avec 100% d&#39;agave espadin s\u00e9lectionn\u00e9. Distill\u00e9 \u00e0 Matatl\u00e1n, Oaxaca, la capitale du mezcal. Chaque bouteille est num\u00e9rot\u00e9e et dat\u00e9e \u00e0 la main. Certifi\u00e9 par le Conseil de R\u00e9gulation du Mezcal. <\/p>\n<p><strong>NEZ<\/strong> : On retrouve le d\u00e9licat \u00e9quilibre des ar\u00f4mes traditionnels caract\u00e9ristiques de l&#39;agave espadin, l\u00e9g\u00e8rement herbac\u00e9.<\/p>\n<p><strong>BOUCHE<\/strong> : La bouche est fra\u00eeche, d\u00e9licate et l\u00e9g\u00e8re, avec une permanence jusqu&#39;\u00e0 la fin. Il offre un \u00e9quilibre exquis entre des notes fum\u00e9es et min\u00e9rales qui \u00e9voquent son terroir.<\/p>\n","protected":false},"excerpt":{"rendered":"<p>Frais, d\u00e9licat et l\u00e9ger, avec une permanence.<\/p>\n","protected":false},"featured_media":1371,"comment_status":"open","ping_status":"closed","template":"","meta":{"_wp_convertkit_post_meta":{"form":"-1","landing_page":"0","tag":"0","restrict_content":"0"}},"product_brand":[],"product_cat":[253,27],"product_tag":[51,188],"class_list":{"0":"post-1524","1":"product","2":"type-product","3":"status-publish","4":"has-post-thumbnail","6":"product_cat-familia-divino","7":"product_cat-mezcales","8":"product_tag-destacado","9":"product_tag-ultra-premium","11":"first","12":"instock","13":"taxable","14":"shipping-taxable","15":"purchasable","16":"product-type-variable"},"_links":{"self":[{"href":"https:\/\/licoresveracruz.com\/fr\/wp-json\/wp\/v2\/product\/1524","targetHints":{"allow":["GET"]}}],"collection":[{"href":"https:\/\/licoresveracruz.com\/fr\/wp-json\/wp\/v2\/product"}],"about":[{"href":"https:\/\/licoresveracruz.com\/fr\/wp-json\/wp\/v2\/types\/product"}],"replies":[{"embeddable":true,"href":"https:\/\/licoresveracruz.com\/fr\/wp-json\/wp\/v2\/comments?post=1524"}],"wp:featuredmedia":[{"embeddable":true,"href":"https:\/\/licoresveracruz.com\/fr\/wp-json\/wp\/v2\/media\/1371"}],"wp:attachment":[{"href":"https:\/\/licoresveracruz.com\/fr\/wp-json\/wp\/v2\/media?parent=1524"}],"wp:term":[{"taxonomy":"product_brand","embeddable":true,"href":"https:\/\/licoresveracruz.com\/fr\/wp-json\/wp\/v2\/product_brand?post=1524"},{"taxonomy":"product_cat","embeddable":true,"href":"https:\/\/licoresveracruz.com\/fr\/wp-json\/wp\/v2\/product_cat?post=1524"},{"taxonomy":"product_tag","embeddable":true,"href":"https:\/\/licoresveracruz.com\/fr\/wp-json\/wp\/v2\/product_tag?post=1524"}],"curies":[{"name":"wp","href":"https:\/\/api.w.org\/{rel}","templated":true}]}}