{"id":1311,"date":"2022-01-24T14:16:07","date_gmt":"2022-01-24T20:16:07","guid":{"rendered":"https:\/\/licoresveracruz.com\/?post_type=product&#038;p=1311"},"modified":"2024-09-25T18:43:30","modified_gmt":"2024-09-25T23:43:30","slug":"anis-choperena-de-lujo","status":"publish","type":"product","link":"https:\/\/licoresveracruz.com\/fr\/product\/anis-choperena-deluxe\/","title":{"rendered":"ANIS DOUX \"CHOPERENA\""},"content":{"rendered":"<p><strong style=\"color: #850700;\">ANIS DOUX \u00ab\u00a0CHOPERENA\u00a0\u00bb<\/strong><\/p>\n<p>Un anis de luxe \u00e0 un prix sp\u00e9cial.<\/p>\n<p>Classique digestif et chaleureux pour palais raffin\u00e9s. Son corps, son ar\u00f4me et sa saveur sucr\u00e9e refl\u00e8tent les m\u00e9thodes de production traditionnelles avec une formule espagnole exquise et ancienne que nous respectons soigneusement depuis plusieurs g\u00e9n\u00e9rations.<\/p>\n<p>Pur, on the rocks ou m\u00e9lang\u00e9 en cocktail, sa finesse est in\u00e9gal\u00e9e.<\/p>\n<p><em>Remarques de CATA&nbsp;:<\/em><\/p>\n<p><strong>VUE<\/strong>:: Boisson claire et cors\u00e9e, avec une excellente luminosit\u00e9 et un drainage lent.<\/p>\n<p><strong>NEZ<\/strong>:: Ar\u00f4me exquis d&rsquo;anis naturel.<\/p>\n<p><strong>BOUCHE<\/strong>:: Consistance dense et aromatique, qui r\u00e9v\u00e8le sa qualit\u00e9 de fabrication.<\/p>\n","protected":false},"excerpt":{"rendered":"<p>Digestif et chaleureux pour les palais raffin\u00e9s<\/p>\n","protected":false},"featured_media":2064,"comment_status":"open","ping_status":"closed","template":"","meta":{"_wp_convertkit_post_meta":{"form":"-1","landing_page":"0","tag":"0","restrict_content":"0"}},"product_brand":[],"product_cat":[33],"product_tag":[191],"class_list":{"0":"post-1311","1":"product","2":"type-product","3":"status-publish","4":"has-post-thumbnail","6":"product_cat-cordiales","7":"product_tag-tradicional","9":"first","10":"outofstock","11":"taxable","12":"shipping-taxable","13":"purchasable","14":"product-type-simple"},"_links":{"self":[{"href":"https:\/\/licoresveracruz.com\/fr\/wp-json\/wp\/v2\/product\/1311","targetHints":{"allow":["GET"]}}],"collection":[{"href":"https:\/\/licoresveracruz.com\/fr\/wp-json\/wp\/v2\/product"}],"about":[{"href":"https:\/\/licoresveracruz.com\/fr\/wp-json\/wp\/v2\/types\/product"}],"replies":[{"embeddable":true,"href":"https:\/\/licoresveracruz.com\/fr\/wp-json\/wp\/v2\/comments?post=1311"}],"wp:featuredmedia":[{"embeddable":true,"href":"https:\/\/licoresveracruz.com\/fr\/wp-json\/wp\/v2\/media\/2064"}],"wp:attachment":[{"href":"https:\/\/licoresveracruz.com\/fr\/wp-json\/wp\/v2\/media?parent=1311"}],"wp:term":[{"taxonomy":"product_brand","embeddable":true,"href":"https:\/\/licoresveracruz.com\/fr\/wp-json\/wp\/v2\/product_brand?post=1311"},{"taxonomy":"product_cat","embeddable":true,"href":"https:\/\/licoresveracruz.com\/fr\/wp-json\/wp\/v2\/product_cat?post=1311"},{"taxonomy":"product_tag","embeddable":true,"href":"https:\/\/licoresveracruz.com\/fr\/wp-json\/wp\/v2\/product_tag?post=1311"}],"curies":[{"name":"wp","href":"https:\/\/api.w.org\/{rel}","templated":true}]}}