{"id":1300,"date":"2022-01-23T19:45:04","date_gmt":"2022-01-24T01:45:04","guid":{"rendered":"https:\/\/licoresveracruz.com\/?post_type=product&#038;p=1300"},"modified":"2024-09-25T18:49:06","modified_gmt":"2024-09-25T23:49:06","slug":"aguard_el_tigre_tradicional_cana","status":"publish","type":"product","link":"https:\/\/licoresveracruz.com\/fr\/product\/aguard_el_tigre_tradicional_cana\/","title":{"rendered":"BRANDY DE CANNE \u201cEL TIGRE\u201d TRADITIONNEL AVEC CANNE"},"content":{"rendered":"<p><strong style=\"color: #850700;\">BRANDY DE CANNE \u201cEL TIGRE\u201d TRADITIONNEL AVEC CANNE<\/strong><\/p>\n<p>Un distillat pour le go\u00fbt jeune, fabriqu\u00e9 avec des proc\u00e9d\u00e9s modernes et des techniques classiques, 60 ans d&rsquo;exp\u00e9rience et dans la pr\u00e9f\u00e9rence de nos consommateurs. Excellent m\u00e9langeur<\/p>\n","protected":false},"excerpt":{"rendered":"<p>BRANDY DE CANNE \u201cEL TIGRE\u201d TRADITIONNEL AVEC CANNE Un distillat pour le go\u00fbt jeune, fabriqu\u00e9 avec des proc\u00e9d\u00e9s modernes et des techniques classiques, 60 ans d&rsquo;exp\u00e9rience et dans la pr\u00e9f\u00e9rence de nos consommateurs. Excellent m\u00e9langeur<\/p>\n","protected":false},"featured_media":1404,"comment_status":"open","ping_status":"closed","template":"","meta":{"_wp_convertkit_post_meta":{"form":"-1","landing_page":"0","tag":"0","restrict_content":"0"}},"product_brand":[],"product_cat":[30],"product_tag":[191],"class_list":{"0":"post-1300","1":"product","2":"type-product","3":"status-publish","4":"has-post-thumbnail","6":"product_cat-aguardiente","7":"product_tag-tradicional","9":"first","10":"instock","11":"taxable","12":"shipping-taxable","13":"purchasable","14":"product-type-variable","15":"has-default-attributes"},"_links":{"self":[{"href":"https:\/\/licoresveracruz.com\/fr\/wp-json\/wp\/v2\/product\/1300","targetHints":{"allow":["GET"]}}],"collection":[{"href":"https:\/\/licoresveracruz.com\/fr\/wp-json\/wp\/v2\/product"}],"about":[{"href":"https:\/\/licoresveracruz.com\/fr\/wp-json\/wp\/v2\/types\/product"}],"replies":[{"embeddable":true,"href":"https:\/\/licoresveracruz.com\/fr\/wp-json\/wp\/v2\/comments?post=1300"}],"wp:featuredmedia":[{"embeddable":true,"href":"https:\/\/licoresveracruz.com\/fr\/wp-json\/wp\/v2\/media\/1404"}],"wp:attachment":[{"href":"https:\/\/licoresveracruz.com\/fr\/wp-json\/wp\/v2\/media?parent=1300"}],"wp:term":[{"taxonomy":"product_brand","embeddable":true,"href":"https:\/\/licoresveracruz.com\/fr\/wp-json\/wp\/v2\/product_brand?post=1300"},{"taxonomy":"product_cat","embeddable":true,"href":"https:\/\/licoresveracruz.com\/fr\/wp-json\/wp\/v2\/product_cat?post=1300"},{"taxonomy":"product_tag","embeddable":true,"href":"https:\/\/licoresveracruz.com\/fr\/wp-json\/wp\/v2\/product_tag?post=1300"}],"curies":[{"name":"wp","href":"https:\/\/api.w.org\/{rel}","templated":true}]}}