{"id":1295,"date":"2022-01-23T19:24:52","date_gmt":"2022-01-24T01:24:52","guid":{"rendered":"https:\/\/licoresveracruz.com\/?post_type=product&#038;p=1295"},"modified":"2024-09-25T18:55:35","modified_gmt":"2024-09-25T23:55:35","slug":"aguard_farolazo_tradicional_cana","status":"publish","type":"product","link":"https:\/\/licoresveracruz.com\/fr\/product\/wait_farolazo_traditional_cane\/","title":{"rendered":"BRANDY \"FAROLAZO\" TRADITIONNEL AVEC CANNE"},"content":{"rendered":"<p><strong style=\"color: #850700;\">BRANDY \u00ab\u00a0FAROLAZO\u00a0\u00bb TRADITIONNEL AVEC CANNE<\/strong><\/p>\n<p>Boissons traditionnelles des tropiques mexicains avec plusieurs si\u00e8cles de tradition. Fabriqu\u00e9 avec de la canne \u00e0 sucre cultiv\u00e9e \u00e0 l&rsquo;origine par les conqu\u00e9rants espagnols. Boisson pr\u00e9f\u00e9r\u00e9e du consommateur. Avec un caract\u00e8re l\u00e9ger id\u00e9al pour combiner de diff\u00e9rentes mani\u00e8res.<\/p>\n","protected":false},"excerpt":{"rendered":"<p>BRANDY \u00ab\u00a0FAROLAZO\u00a0\u00bb TRADITIONNEL AVEC CANNE Boissons traditionnelles des tropiques mexicains avec plusieurs si\u00e8cles de tradition. Fabriqu\u00e9 avec de la canne \u00e0 sucre cultiv\u00e9e \u00e0 l&rsquo;origine par les conqu\u00e9rants espagnols. Boisson pr\u00e9f\u00e9r\u00e9e du consommateur. Avec un caract\u00e8re l\u00e9ger id\u00e9al pour combiner de diff\u00e9rentes mani\u00e8res.<\/p>\n","protected":false},"featured_media":1979,"comment_status":"open","ping_status":"closed","template":"","meta":{"_wp_convertkit_post_meta":{"form":"-1","landing_page":"0","tag":"0","restrict_content":"0"}},"product_brand":[],"product_cat":[30],"product_tag":[191],"class_list":{"0":"post-1295","1":"product","2":"type-product","3":"status-publish","4":"has-post-thumbnail","6":"product_cat-aguardiente","7":"product_tag-tradicional","9":"first","10":"outofstock","11":"taxable","12":"shipping-taxable","13":"purchasable","14":"product-type-variable"},"_links":{"self":[{"href":"https:\/\/licoresveracruz.com\/fr\/wp-json\/wp\/v2\/product\/1295","targetHints":{"allow":["GET"]}}],"collection":[{"href":"https:\/\/licoresveracruz.com\/fr\/wp-json\/wp\/v2\/product"}],"about":[{"href":"https:\/\/licoresveracruz.com\/fr\/wp-json\/wp\/v2\/types\/product"}],"replies":[{"embeddable":true,"href":"https:\/\/licoresveracruz.com\/fr\/wp-json\/wp\/v2\/comments?post=1295"}],"wp:featuredmedia":[{"embeddable":true,"href":"https:\/\/licoresveracruz.com\/fr\/wp-json\/wp\/v2\/media\/1979"}],"wp:attachment":[{"href":"https:\/\/licoresveracruz.com\/fr\/wp-json\/wp\/v2\/media?parent=1295"}],"wp:term":[{"taxonomy":"product_brand","embeddable":true,"href":"https:\/\/licoresveracruz.com\/fr\/wp-json\/wp\/v2\/product_brand?post=1295"},{"taxonomy":"product_cat","embeddable":true,"href":"https:\/\/licoresveracruz.com\/fr\/wp-json\/wp\/v2\/product_cat?post=1295"},{"taxonomy":"product_tag","embeddable":true,"href":"https:\/\/licoresveracruz.com\/fr\/wp-json\/wp\/v2\/product_tag?post=1295"}],"curies":[{"name":"wp","href":"https:\/\/api.w.org\/{rel}","templated":true}]}}