{"id":1288,"date":"2022-01-23T19:07:30","date_gmt":"2022-01-24T01:07:30","guid":{"rendered":"https:\/\/licoresveracruz.com\/?post_type=product&#038;p=1288"},"modified":"2024-09-25T19:03:24","modified_gmt":"2024-09-26T00:03:24","slug":"aguard_el_chorrito_cana","status":"publish","type":"product","link":"https:\/\/licoresveracruz.com\/fr\/product\/aguard_el_chorrito_cana\/","title":{"rendered":"BRANDY \"EL CHORRITO\" TRADITIONNEL AVEC CANNE"},"content":{"rendered":"<p><strong style=\"color: #850700;\">BRANDY \u00ab\u00a0EL CHORRITO\u00a0\u00bb TRADITIONNEL AVEC CANNE<\/strong><\/p>\n<p>Brandy blanc, de fabrication traditionnelle, un produit tr\u00e8s d\u00e9fini en ar\u00f4me et en saveur qui lui a valu 60 ans de permanence sur le march\u00e9.<br \/>\nExcellent m\u00e9langeur de haute qualit\u00e9.<\/p>\n","protected":false},"excerpt":{"rendered":"<p>BRANDY \u00ab\u00a0EL CHORRITO\u00a0\u00bb TRADITIONNEL AVEC CANNE Brandy blanc, de fabrication traditionnelle, un produit tr\u00e8s d\u00e9fini en ar\u00f4me et en saveur qui lui a valu 60 ans de permanence sur le march\u00e9. Excellent m\u00e9langeur de haute qualit\u00e9.<\/p>\n","protected":false},"featured_media":2065,"comment_status":"open","ping_status":"closed","template":"","meta":{"_wp_convertkit_post_meta":{"form":"-1","landing_page":"0","tag":"0","restrict_content":"0"}},"product_brand":[],"product_cat":[30],"product_tag":[191],"class_list":{"0":"post-1288","1":"product","2":"type-product","3":"status-publish","4":"has-post-thumbnail","6":"product_cat-aguardiente","7":"product_tag-tradicional","9":"first","10":"outofstock","11":"taxable","12":"shipping-taxable","13":"purchasable","14":"product-type-variable"},"_links":{"self":[{"href":"https:\/\/licoresveracruz.com\/fr\/wp-json\/wp\/v2\/product\/1288","targetHints":{"allow":["GET"]}}],"collection":[{"href":"https:\/\/licoresveracruz.com\/fr\/wp-json\/wp\/v2\/product"}],"about":[{"href":"https:\/\/licoresveracruz.com\/fr\/wp-json\/wp\/v2\/types\/product"}],"replies":[{"embeddable":true,"href":"https:\/\/licoresveracruz.com\/fr\/wp-json\/wp\/v2\/comments?post=1288"}],"wp:featuredmedia":[{"embeddable":true,"href":"https:\/\/licoresveracruz.com\/fr\/wp-json\/wp\/v2\/media\/2065"}],"wp:attachment":[{"href":"https:\/\/licoresveracruz.com\/fr\/wp-json\/wp\/v2\/media?parent=1288"}],"wp:term":[{"taxonomy":"product_brand","embeddable":true,"href":"https:\/\/licoresveracruz.com\/fr\/wp-json\/wp\/v2\/product_brand?post=1288"},{"taxonomy":"product_cat","embeddable":true,"href":"https:\/\/licoresveracruz.com\/fr\/wp-json\/wp\/v2\/product_cat?post=1288"},{"taxonomy":"product_tag","embeddable":true,"href":"https:\/\/licoresveracruz.com\/fr\/wp-json\/wp\/v2\/product_tag?post=1288"}],"curies":[{"name":"wp","href":"https:\/\/api.w.org\/{rel}","templated":true}]}}