{"id":1271,"date":"2022-01-22T20:07:59","date_gmt":"2022-01-23T02:07:59","guid":{"rendered":"https:\/\/licoresveracruz.com\/?post_type=product&#038;p=1271"},"modified":"2024-09-25T19:13:16","modified_gmt":"2024-09-26T00:13:16","slug":"aguardiente-anejo-el-chorrito","status":"publish","type":"product","link":"https:\/\/licoresveracruz.com\/fr\/product\/brandy-annejo-el-chorrito\/","title":{"rendered":" BRANDY DE CANNE \"EL CHORRITO\" RASSIS"},"content":{"rendered":"<p><strong style=\"color: #850700;\"> BRANDY DE CANNE \u00ab\u00a0EL CHORRITO\u00a0\u00bb RASSIS<\/strong><\/p>\n<p>Un brandy de qualit\u00e9 export, caract\u00e9ristique de notre pays. Son repos en f\u00fbts lui conf\u00e8re une saveur unique, raffin\u00e9e et unique pour une excellente combinaison.<\/p>\n","protected":false},"excerpt":{"rendered":"<p>BRANDY DE CANNE \u00ab\u00a0EL CHORRITO\u00a0\u00bb RASSIS Un brandy de qualit\u00e9 export, caract\u00e9ristique de notre pays. Son repos en f\u00fbts lui conf\u00e8re une saveur unique, raffin\u00e9e et unique pour une excellente combinaison.<\/p>\n","protected":false},"featured_media":1407,"comment_status":"open","ping_status":"closed","template":"","meta":[],"product_cat":[30],"product_tag":[191],"class_list":{"0":"post-1271","1":"product","2":"type-product","3":"status-publish","4":"has-post-thumbnail","6":"product_cat-aguardiente","7":"product_tag-tradicional","9":"first","10":"outofstock","11":"taxable","12":"shipping-taxable","13":"purchasable","14":"product-type-variable"},"_links":{"self":[{"href":"https:\/\/licoresveracruz.com\/fr\/wp-json\/wp\/v2\/product\/1271"}],"collection":[{"href":"https:\/\/licoresveracruz.com\/fr\/wp-json\/wp\/v2\/product"}],"about":[{"href":"https:\/\/licoresveracruz.com\/fr\/wp-json\/wp\/v2\/types\/product"}],"replies":[{"embeddable":true,"href":"https:\/\/licoresveracruz.com\/fr\/wp-json\/wp\/v2\/comments?post=1271"}],"wp:featuredmedia":[{"embeddable":true,"href":"https:\/\/licoresveracruz.com\/fr\/wp-json\/wp\/v2\/media\/1407"}],"wp:attachment":[{"href":"https:\/\/licoresveracruz.com\/fr\/wp-json\/wp\/v2\/media?parent=1271"}],"wp:term":[{"taxonomy":"product_cat","embeddable":true,"href":"https:\/\/licoresveracruz.com\/fr\/wp-json\/wp\/v2\/product_cat?post=1271"},{"taxonomy":"product_tag","embeddable":true,"href":"https:\/\/licoresveracruz.com\/fr\/wp-json\/wp\/v2\/product_tag?post=1271"}],"curies":[{"name":"wp","href":"https:\/\/api.w.org\/{rel}","templated":true}]}}