{"id":1259,"date":"2022-01-22T17:02:20","date_gmt":"2022-01-22T23:02:20","guid":{"rendered":"https:\/\/licoresveracruz.com\/?post_type=product&#038;p=1259"},"modified":"2024-11-06T12:30:31","modified_gmt":"2024-11-06T18:30:31","slug":"vino-generoso-tipo-jerez-pluma-roja","status":"publish","type":"product","link":"https:\/\/licoresveracruz.com\/fr\/product\/stylo-vin-fortifie-de-type-sherry-rouge\/","title":{"rendered":"VIN G\u00c9N\u00c9REUX TRADITIONNEL \u201cPLUMA ROJA\u201d"},"content":{"rendered":"<p><strong style=\"color: #850700;\">VIN G\u00c9N\u00c9REUX TRADITIONNEL \u201cPLUMA ROJA\u201d<\/strong><\/p>\n<p>Fabriqu\u00e9 avec du vin rouge de haute qualit\u00e9. Sa texture fine et son go\u00fbt mi-sucr\u00e9 en font une bonne collation. Seul ou mixte enrichit vos boissons.<\/p>\n<p>TENEUR EN ALCOOL : 17% Alc. Volume VERRE \/ PET <\/p>\n<p>1000 ml x 12 pz (V\/P)<\/p>\n<p>500 ml x 1 2 pz (V\/P)<\/p>\n<p>250 ml x 24 pz (P)<\/p>\n<p>Formul\u00e9 avec des raisins rouges de la plus haute qualit\u00e9.<\/p>\n<p>Vieilli en f\u00fbts de ch\u00eane blanc europ\u00e9en o\u00f9 il obtient une saveur qui ne peut \u00eatre compar\u00e9e \u00e0 aucune autre sur le march\u00e9.<\/p>\n<p>Cordial, d\u00e9licieux pour les &quot;Pollas&quot; mexicains traditionnels et \u00e9galement utilis\u00e9 pour mariner les cuisses de jambon, la dinde de No\u00ebl ou toute viande de votre choix <\/p>\n<p>Vin Fortifi\u00e9 Traditionnel, anciennement &quot;Type Jerez&quot; \u00e9labor\u00e9 depuis 1990 avec du vin de raisin authentique au go\u00fbt sucr\u00e9 et au corps g\u00e9n\u00e9reux, \u00e0 condition par le mo\u00fbt du raisin qui l&#39;a produit. <\/p>\n<p><em>Notes de d\u00e9gustation :<\/em><\/p>\n<p><strong>VUE<\/strong> : Couleur acajou fonc\u00e9 avec des reflets rouge\u00e2tres, typique du c\u00e9page. Corps consistant et de haute densit\u00e9.<\/p>\n<p><strong>NEZ<\/strong> : Ar\u00f4me naturel exquis de raisin, \u00e9quilibre naturel entre acidit\u00e9 et douceur.<\/p>\n<p><strong>BOUCHE<\/strong> : Ample et doux en bouche, la saveur du raisin et la douceur caract\u00e9ristique de Jerez pr\u00e9dominent.<\/p>\n","protected":false},"excerpt":{"rendered":"<p>Fabriqu\u00e9 avec du vin rouge de haute qualit\u00e9.<\/p>\n","protected":false},"featured_media":1400,"comment_status":"open","ping_status":"closed","template":"","meta":[],"product_cat":[33],"product_tag":[191],"class_list":{"0":"post-1259","1":"product","2":"type-product","3":"status-publish","4":"has-post-thumbnail","6":"product_cat-cordiales","7":"product_tag-tradicional","9":"first","10":"outofstock","11":"taxable","12":"shipping-taxable","13":"purchasable","14":"product-type-variable"},"_links":{"self":[{"href":"https:\/\/licoresveracruz.com\/fr\/wp-json\/wp\/v2\/product\/1259"}],"collection":[{"href":"https:\/\/licoresveracruz.com\/fr\/wp-json\/wp\/v2\/product"}],"about":[{"href":"https:\/\/licoresveracruz.com\/fr\/wp-json\/wp\/v2\/types\/product"}],"replies":[{"embeddable":true,"href":"https:\/\/licoresveracruz.com\/fr\/wp-json\/wp\/v2\/comments?post=1259"}],"wp:featuredmedia":[{"embeddable":true,"href":"https:\/\/licoresveracruz.com\/fr\/wp-json\/wp\/v2\/media\/1400"}],"wp:attachment":[{"href":"https:\/\/licoresveracruz.com\/fr\/wp-json\/wp\/v2\/media?parent=1259"}],"wp:term":[{"taxonomy":"product_cat","embeddable":true,"href":"https:\/\/licoresveracruz.com\/fr\/wp-json\/wp\/v2\/product_cat?post=1259"},{"taxonomy":"product_tag","embeddable":true,"href":"https:\/\/licoresveracruz.com\/fr\/wp-json\/wp\/v2\/product_tag?post=1259"}],"curies":[{"name":"wp","href":"https:\/\/api.w.org\/{rel}","templated":true}]}}