{"id":1253,"date":"2022-01-22T16:12:29","date_gmt":"2022-01-22T22:12:29","guid":{"rendered":"https:\/\/licoresveracruz.com\/?post_type=product&#038;p=1253"},"modified":"2024-10-07T12:32:27","modified_gmt":"2024-10-07T17:32:27","slug":"aguardiente-el-tigre-especial","status":"publish","type":"product","link":"https:\/\/licoresveracruz.com\/fr\/product\/aguardiente-el-tigre-special\/","title":{"rendered":"SP\u00c9CIAL BRANDY \"EL TIGRE\""},"content":{"rendered":"<p><strong style=\"color: #850700;\">SPIRITUEUX SP\u00c9CIAL \u00ab\u00a0EL TIGRE\u00a0\u00bb<\/strong><\/p>\n<p><span>Un spiritueux de qualit\u00e9 export, caract\u00e9ristique de notre pays. Son repos en barriques lui conf\u00e8re une saveur unique, raffin\u00e9e et singuli\u00e8re pour un excellent mariage.<\/span><\/p>\n","protected":false},"excerpt":{"rendered":"<p><span>Une eau-de-vie de qualit\u00e9 export.<\/span><\/p>\n","protected":false},"featured_media":1980,"comment_status":"open","ping_status":"closed","template":"","meta":{"_wp_convertkit_post_meta":{"form":"-1","landing_page":"0","tag":"0","restrict_content":"0"}},"product_brand":[],"product_cat":[30],"product_tag":[191],"class_list":{"0":"post-1253","1":"product","2":"type-product","3":"status-publish","4":"has-post-thumbnail","6":"product_cat-aguardiente","7":"product_tag-tradicional","9":"first","10":"outofstock","11":"taxable","12":"shipping-taxable","13":"purchasable","14":"product-type-variable","15":"has-default-attributes"},"_links":{"self":[{"href":"https:\/\/licoresveracruz.com\/fr\/wp-json\/wp\/v2\/product\/1253","targetHints":{"allow":["GET"]}}],"collection":[{"href":"https:\/\/licoresveracruz.com\/fr\/wp-json\/wp\/v2\/product"}],"about":[{"href":"https:\/\/licoresveracruz.com\/fr\/wp-json\/wp\/v2\/types\/product"}],"replies":[{"embeddable":true,"href":"https:\/\/licoresveracruz.com\/fr\/wp-json\/wp\/v2\/comments?post=1253"}],"wp:featuredmedia":[{"embeddable":true,"href":"https:\/\/licoresveracruz.com\/fr\/wp-json\/wp\/v2\/media\/1980"}],"wp:attachment":[{"href":"https:\/\/licoresveracruz.com\/fr\/wp-json\/wp\/v2\/media?parent=1253"}],"wp:term":[{"taxonomy":"product_brand","embeddable":true,"href":"https:\/\/licoresveracruz.com\/fr\/wp-json\/wp\/v2\/product_brand?post=1253"},{"taxonomy":"product_cat","embeddable":true,"href":"https:\/\/licoresveracruz.com\/fr\/wp-json\/wp\/v2\/product_cat?post=1253"},{"taxonomy":"product_tag","embeddable":true,"href":"https:\/\/licoresveracruz.com\/fr\/wp-json\/wp\/v2\/product_tag?post=1253"}],"curies":[{"name":"wp","href":"https:\/\/api.w.org\/{rel}","templated":true}]}}