{"id":1250,"date":"2022-01-22T15:19:32","date_gmt":"2022-01-22T21:19:32","guid":{"rendered":"https:\/\/licoresveracruz.com\/?post_type=product&#038;p=1250"},"modified":"2024-09-25T19:33:37","modified_gmt":"2024-09-26T00:33:37","slug":"ron-oro-gran-penuela","status":"publish","type":"product","link":"https:\/\/licoresveracruz.com\/fr\/product\/ron-oro-gran-penuela\/","title":{"rendered":"RHUM DE L'OR \"GRAN PE\u00d1UELA\""},"content":{"rendered":"<p><strong style=\"color: #850700;\">RHUM DE L&rsquo;OR \u00ab\u00a0GRAN PE\u00d1UELA\u00a0\u00bb<\/strong><\/p>\n<p>Avec la conqu\u00eate de l&rsquo;Am\u00e9rique, Ron est n\u00e9, l&rsquo;une des boissons les plus pr\u00e9f\u00e9r\u00e9es au monde.<\/p>\n<p>Avec des connaissances ancestrales, nous cr\u00e9ons sa qualit\u00e9 et obtenons un rhum l\u00e9ger d&rsquo;ar\u00f4me et de saveur agr\u00e9ables.<\/p>\n","protected":false},"excerpt":{"rendered":"<p>RHUM DE L&rsquo;OR \u00ab\u00a0GRAN PE\u00d1UELA\u00a0\u00bb Avec la conqu\u00eate de l&rsquo;Am\u00e9rique, Ron est n\u00e9, l&rsquo;une des boissons les plus pr\u00e9f\u00e9r\u00e9es au monde. Avec des connaissances ancestrales, nous cr\u00e9ons sa qualit\u00e9 et obtenons un rhum l\u00e9ger d&rsquo;ar\u00f4me et de saveur agr\u00e9ables.<\/p>\n","protected":false},"featured_media":2021,"comment_status":"open","ping_status":"closed","template":"","meta":[],"product_cat":[26],"product_tag":[193],"class_list":{"0":"post-1250","1":"product","2":"type-product","3":"status-publish","4":"has-post-thumbnail","6":"product_cat-rones","7":"product_tag-de-lujo","9":"first","10":"outofstock","11":"taxable","12":"shipping-taxable","13":"purchasable","14":"product-type-variable"},"_links":{"self":[{"href":"https:\/\/licoresveracruz.com\/fr\/wp-json\/wp\/v2\/product\/1250"}],"collection":[{"href":"https:\/\/licoresveracruz.com\/fr\/wp-json\/wp\/v2\/product"}],"about":[{"href":"https:\/\/licoresveracruz.com\/fr\/wp-json\/wp\/v2\/types\/product"}],"replies":[{"embeddable":true,"href":"https:\/\/licoresveracruz.com\/fr\/wp-json\/wp\/v2\/comments?post=1250"}],"wp:featuredmedia":[{"embeddable":true,"href":"https:\/\/licoresveracruz.com\/fr\/wp-json\/wp\/v2\/media\/2021"}],"wp:attachment":[{"href":"https:\/\/licoresveracruz.com\/fr\/wp-json\/wp\/v2\/media?parent=1250"}],"wp:term":[{"taxonomy":"product_cat","embeddable":true,"href":"https:\/\/licoresveracruz.com\/fr\/wp-json\/wp\/v2\/product_cat?post=1250"},{"taxonomy":"product_tag","embeddable":true,"href":"https:\/\/licoresveracruz.com\/fr\/wp-json\/wp\/v2\/product_tag?post=1250"}],"curies":[{"name":"wp","href":"https:\/\/api.w.org\/{rel}","templated":true}]}}