{"id":1210,"date":"2022-01-19T19:29:35","date_gmt":"2022-01-20T01:29:35","guid":{"rendered":"https:\/\/licoresveracruz.com\/?post_type=product&#038;p=1210"},"modified":"2024-09-25T19:36:48","modified_gmt":"2024-09-26T00:36:48","slug":"lajita_blanco_up","status":"publish","type":"product","link":"https:\/\/licoresveracruz.com\/fr\/product\/lajita_blanco_up\/","title":{"rendered":"LAJITA WHITE ARTISANAL MEZCAL ULTRA PREMIUM 100% AGAVE ESPAD\u00cdN"},"content":{"rendered":"<p><strong style=\"color: #850700;\">Ultra Premium White Lajita Artisanal Mezcal 100% Agave Espad\u00edn<\/strong><\/p>\n<p>La plus ancienne des boissons mexicaines avec un bouquet qui refl\u00e8te fid\u00e8lement la saveur traditionnelle d&#39;Oaxaca.<\/p>\n<p>Depuis 1989 Lajita est n\u00e9e; un mezcal pur, cristallin, transparent et lumineux, soigneusement \u00e9labor\u00e9 avec 100% Agave Espad\u00edn s\u00e9lectionn\u00e9.<\/p>\n<p>Distill\u00e9e \u00e0 Matatl\u00e1n, Oaxaca, la capitale du mezcal et certifi\u00e9e par le Mezcal Regulatory Council, chaque bouteille est num\u00e9rot\u00e9e et dat\u00e9e \u00e0 la main.<\/p>\n<p>Reconnaissances\u00a0:<\/p>\n<ul>\n<li> M\u00e9daille d&#39;or &quot;Mezcal Masters 2018&quot; en Angleterre pour &quot;Spirits Business&quot;<\/li>\n<\/ul>\n<p><em>Notes de d\u00e9gustation :<\/em><\/p>\n<p><strong>Vue<\/strong> : Cristalline et brillante avec un bon corps.,<\/p>\n<p><strong>Nez<\/strong> : On retrouve l&#39;\u00e9quilibre d\u00e9licat des ar\u00f4mes traditionnels caract\u00e9ristiques de l&#39;agave Espad\u00edn. L\u00e9g\u00e8rement herbac\u00e9 avec des notes fum\u00e9es et min\u00e9rales qui \u00e9voquent sa terre.<\/p>\n<p><strong>Bouche<\/strong> : Fra\u00eeche, d\u00e9licate et l\u00e9g\u00e8re, avec une permanence jusqu&#39;\u00e0 la fin. Il offre un \u00e9quilibre exquis entre des notes fum\u00e9es et min\u00e9rales qui \u00e9voquent son terroir.<\/p>\n","protected":false},"excerpt":{"rendered":"<p>Lajita\u00a0; un mezcal pur et brillant<\/p>\n","protected":false},"featured_media":1211,"comment_status":"open","ping_status":"closed","template":"","meta":{"_wp_convertkit_post_meta":{"form":"-1","landing_page":"0","tag":"0","restrict_content":"0"}},"product_brand":[],"product_cat":[27],"product_tag":[188],"class_list":{"0":"post-1210","1":"product","2":"type-product","3":"status-publish","4":"has-post-thumbnail","6":"product_cat-mezcales","7":"product_tag-ultra-premium","9":"first","10":"instock","11":"taxable","12":"shipping-taxable","13":"purchasable","14":"product-type-simple"},"_links":{"self":[{"href":"https:\/\/licoresveracruz.com\/fr\/wp-json\/wp\/v2\/product\/1210","targetHints":{"allow":["GET"]}}],"collection":[{"href":"https:\/\/licoresveracruz.com\/fr\/wp-json\/wp\/v2\/product"}],"about":[{"href":"https:\/\/licoresveracruz.com\/fr\/wp-json\/wp\/v2\/types\/product"}],"replies":[{"embeddable":true,"href":"https:\/\/licoresveracruz.com\/fr\/wp-json\/wp\/v2\/comments?post=1210"}],"wp:featuredmedia":[{"embeddable":true,"href":"https:\/\/licoresveracruz.com\/fr\/wp-json\/wp\/v2\/media\/1211"}],"wp:attachment":[{"href":"https:\/\/licoresveracruz.com\/fr\/wp-json\/wp\/v2\/media?parent=1210"}],"wp:term":[{"taxonomy":"product_brand","embeddable":true,"href":"https:\/\/licoresveracruz.com\/fr\/wp-json\/wp\/v2\/product_brand?post=1210"},{"taxonomy":"product_cat","embeddable":true,"href":"https:\/\/licoresveracruz.com\/fr\/wp-json\/wp\/v2\/product_cat?post=1210"},{"taxonomy":"product_tag","embeddable":true,"href":"https:\/\/licoresveracruz.com\/fr\/wp-json\/wp\/v2\/product_tag?post=1210"}],"curies":[{"name":"wp","href":"https:\/\/api.w.org\/{rel}","templated":true}]}}