{"id":1132,"date":"2022-01-17T19:37:44","date_gmt":"2022-01-18T01:37:44","guid":{"rendered":"https:\/\/licoresveracruz.com\/?post_type=product&#038;p=1132"},"modified":"2024-09-25T19:39:03","modified_gmt":"2024-09-26T00:39:03","slug":"vodka_sin_rival","status":"publish","type":"product","link":"https:\/\/licoresveracruz.com\/fr\/product\/vodka_sin_rival\/","title":{"rendered":"VODKA AUX GRAINS \"SIN RIVAL\" AVEC VER"},"content":{"rendered":"<p><strong style=\"color: #850700;\">VODKA AUX GRAINS \u00ab\u00a0SIN RIVAL\u00a0\u00bb AVEC VER<\/strong><\/p>\n<p>Sin Rival est unique et distingu\u00e9 parmi les vodkas du monde par le c\u00e9l\u00e8bre ver de maguey (Cossus redtembachi), la larve du papillon nocturne qui vit dans le Coeur d&rsquo;agave, nourriture pr\u00e9hispanique aux pouvoirs exotiques qui incluent Les ph\u00e9romones, tr\u00e8s appr\u00e9ci\u00e9es au Mexique par les Azt\u00e8ques dans la cuisine traditionnelle. Cinq fois distill\u00e9 et grain pur.<br \/>\nLiquide incolore et inodore clair, \u00e0 haute teneur en alcool.<\/p>\n<p>Soigneusement distill\u00e9 5 fois pour obtenir la puret\u00e9 et la finesse de sa saveur.<\/p>\n<p><em>Notes de CATA:<\/em><\/p>\n<p><strong>VUE<\/strong>: Liquide incolore, transparent, propre et brillant.<\/p>\n<p><strong>NEZ<\/strong>: Produit sans ar\u00f4me.<\/p>\n<p><strong>BOUCHE<\/strong>: go\u00fbt propre neutre.<\/p>\n<p><em>Suggestions de consommation<\/em><\/p>\n<ul>\n<li>Vodka PREMIUM au go\u00fbt doux et pur.<\/li>\n<li>Il est g\u00e9n\u00e9ralement combin\u00e9 avec diff\u00e9rents jus de fruits, pour lui donner une saveur diff\u00e9rente.<\/li>\n<li>Largement utilis\u00e9 dans les cocktails.<\/li>\n<\/ul>\n","protected":false},"excerpt":{"rendered":"<p>Vodka unique au ver maguey<\/p>\n","protected":false},"featured_media":1357,"comment_status":"open","ping_status":"closed","template":"","meta":[],"product_cat":[32],"product_tag":[189],"class_list":{"0":"post-1132","1":"product","2":"type-product","3":"status-publish","4":"has-post-thumbnail","6":"product_cat-vodka","7":"product_tag-premium","9":"first","10":"instock","11":"taxable","12":"shipping-taxable","13":"purchasable","14":"product-type-variable"},"_links":{"self":[{"href":"https:\/\/licoresveracruz.com\/fr\/wp-json\/wp\/v2\/product\/1132"}],"collection":[{"href":"https:\/\/licoresveracruz.com\/fr\/wp-json\/wp\/v2\/product"}],"about":[{"href":"https:\/\/licoresveracruz.com\/fr\/wp-json\/wp\/v2\/types\/product"}],"replies":[{"embeddable":true,"href":"https:\/\/licoresveracruz.com\/fr\/wp-json\/wp\/v2\/comments?post=1132"}],"wp:featuredmedia":[{"embeddable":true,"href":"https:\/\/licoresveracruz.com\/fr\/wp-json\/wp\/v2\/media\/1357"}],"wp:attachment":[{"href":"https:\/\/licoresveracruz.com\/fr\/wp-json\/wp\/v2\/media?parent=1132"}],"wp:term":[{"taxonomy":"product_cat","embeddable":true,"href":"https:\/\/licoresveracruz.com\/fr\/wp-json\/wp\/v2\/product_cat?post=1132"},{"taxonomy":"product_tag","embeddable":true,"href":"https:\/\/licoresveracruz.com\/fr\/wp-json\/wp\/v2\/product_tag?post=1132"}],"curies":[{"name":"wp","href":"https:\/\/api.w.org\/{rel}","templated":true}]}}