{"id":1101,"date":"2022-01-17T12:37:29","date_gmt":"2022-01-17T18:37:29","guid":{"rendered":"https:\/\/licoresveracruz.com\/?post_type=product&#038;p=1101"},"modified":"2025-07-10T18:09:56","modified_gmt":"2025-07-10T23:09:56","slug":"ron-oro-el-jinete","status":"publish","type":"product","link":"https:\/\/licoresveracruz.com\/fr\/product\/ron-gold-le-cavalier\/","title":{"rendered":"RHUM DE L'OR \"EL JINETE\""},"content":{"rendered":"<p><strong style=\"color: #850700;\">RHUM DE L&rsquo;OR \u00ab\u00a0EL JINETE\u00a0\u00bb<\/strong><\/p>\n<p>Avec la conqu\u00eate de l&rsquo;Am\u00e9rique, le rhum est n\u00e9, l&rsquo;une des boissons les plus appr\u00e9ci\u00e9es au monde. Avec une distillation minutieuse, nous cr\u00e9ons un rhum l\u00e9ger parfait comme ingr\u00e9dient dans la cuisson.<\/p>\n<p>Le rhum est un produit du distillat issu de la fermentation du pur jus de canne \u00e0 sucre.<\/p>\n<p>Ron Oro Rider pr\u00e9sente d&rsquo;agr\u00e9ables notes de bois gr\u00e2ce \u00e0 son repos en f\u00fbts de ch\u00eane.<\/p>\n<p><em>Notes de d\u00e9gustation :<\/em><\/p>\n<p><strong>VUE<\/strong> : Liquide propre, cristallin et brillant, avec une teinte dor\u00e9e. Bon corps et d\u00e9bit lent <\/p>\n<p><strong>NEZ<\/strong> : Agr\u00e9able ar\u00f4me caract\u00e9ristique du rhum, avec de d\u00e9licates notes aromatiques bois\u00e9es fra\u00eeches, non alcoolis\u00e9es, non acides<\/p>\n<p><strong>BOUCHE<\/strong> : Go\u00fbt doux et frais, sans notes synth\u00e9tiques. \u00c9quilibre entre ar\u00f4me et saveur<\/p>\n<p><em>Suggestions de consommation :<\/em><br \/>\n \u2022 \u00c0 d\u00e9guster seul, sur glace ou m\u00e9lang\u00e9 \u00e0 n&#39;importe quel cocktail<br \/>\n\u2022 D\u00e9licieuse touche de saveur dans les p\u00e2tisseries et boulangeries<\/p>\n","protected":false},"excerpt":{"rendered":"<p>Soigneusement distill\u00e9, un rhum l\u00e9ger parfait comme ingr\u00e9dient en confiserie.<\/p>\n","protected":false},"featured_media":1411,"comment_status":"open","ping_status":"closed","template":"","meta":[],"product_cat":[26],"product_tag":[193],"class_list":{"0":"post-1101","1":"product","2":"type-product","3":"status-publish","4":"has-post-thumbnail","6":"product_cat-rones","7":"product_tag-de-lujo","9":"first","10":"instock","11":"taxable","12":"shipping-taxable","13":"purchasable","14":"product-type-simple"},"_links":{"self":[{"href":"https:\/\/licoresveracruz.com\/fr\/wp-json\/wp\/v2\/product\/1101"}],"collection":[{"href":"https:\/\/licoresveracruz.com\/fr\/wp-json\/wp\/v2\/product"}],"about":[{"href":"https:\/\/licoresveracruz.com\/fr\/wp-json\/wp\/v2\/types\/product"}],"replies":[{"embeddable":true,"href":"https:\/\/licoresveracruz.com\/fr\/wp-json\/wp\/v2\/comments?post=1101"}],"wp:featuredmedia":[{"embeddable":true,"href":"https:\/\/licoresveracruz.com\/fr\/wp-json\/wp\/v2\/media\/1411"}],"wp:attachment":[{"href":"https:\/\/licoresveracruz.com\/fr\/wp-json\/wp\/v2\/media?parent=1101"}],"wp:term":[{"taxonomy":"product_cat","embeddable":true,"href":"https:\/\/licoresveracruz.com\/fr\/wp-json\/wp\/v2\/product_cat?post=1101"},{"taxonomy":"product_tag","embeddable":true,"href":"https:\/\/licoresveracruz.com\/fr\/wp-json\/wp\/v2\/product_tag?post=1101"}],"curies":[{"name":"wp","href":"https:\/\/api.w.org\/{rel}","templated":true}]}}