{"id":1456,"date":"2022-02-27T20:25:51","date_gmt":"2022-02-28T02:25:51","guid":{"rendered":"https:\/\/licoresveracruz.com\/?page_id=1456"},"modified":"2023-07-27T19:23:00","modified_gmt":"2023-07-28T00:23:00","slug":"destilados-y-licores","status":"publish","type":"page","link":"https:\/\/licoresveracruz.com\/fr\/spiritueux-et-liqueurs\/","title":{"rendered":"Cocktails"},"content":{"rendered":"<div class=\"wp-block-media-text alignwide is-stacked-on-mobile\" style=\"grid-template-columns: 30% auto;\">\r\n<figure class=\"wp-block-media-text__media\"><img loading=\"lazy\" decoding=\"async\" width=\"210\" height=\"300\" src=\"https:\/\/licoresveracruz.com\/wp-content\/uploads\/2022\/06\/cuba-libre-1-210x300.png\" alt=\"\" class=\"wp-image-2071 size-medium\" srcset=\"https:\/\/licoresveracruz.com\/wp-content\/uploads\/2022\/06\/cuba-libre-1-210x300.png 210w, https:\/\/licoresveracruz.com\/wp-content\/uploads\/2022\/06\/cuba-libre-1-64x92.png 64w, https:\/\/licoresveracruz.com\/wp-content\/uploads\/2022\/06\/cuba-libre-1.png 465w\" sizes=\"(max-width: 210px) 100vw, 210px\" \/><\/figure>\r\n<div class=\"wp-block-media-text__content\">\r\n\r\n<em><strong>Cuba Libre<\/strong><\/em><em>Ingr\u00e9dients<\/em><ul class=\"wp-block-list\">\r\n \t<li>1 \u00bd once de rhum blanc \u00ab\u00a0Mocambo\u00a0\u00bb<\/li>\r\n \t<li>1 trait de liqueur de citron \u00ab\u00a0Othello\u00a0\u00bb<\/li>\r\n \t<li>Boisson au cola<\/li>\r\n \t<li>4 gla\u00e7ons<\/li>\r\n<\/ul><em>pr\u00e9paration<\/em>\r\nMettre 4 gla\u00e7ons dans un verre highball, ajouter 1 \u00bd once de Rhum Platine Blanc \u00ab\u00a0Mocambo\u00a0\u00bb puis 1 trait de Liqueur de Citron \u00ab\u00a0Otelo\u00a0\u00bb. Enfin remplir de cola (env. 100ml). M\u00e9langer et ajouter une rondelle de citron.\r\n\r\n<\/div>\r\n<\/div><hr class=\"wp-block-separator has-text-color has-accent-color has-alpha-channel-opacity has-accent-background-color has-background is-style-dots\" \/><div class=\"wp-block-media-text alignwide has-media-on-the-right is-stacked-on-mobile\" style=\"grid-template-columns: auto 30%;\">\r\n<figure class=\"wp-block-media-text__media\"><img loading=\"lazy\" decoding=\"async\" width=\"210\" height=\"300\" src=\"https:\/\/licoresveracruz.com\/wp-content\/uploads\/2022\/06\/Furkem-tropical-210x300.png\" alt=\"\" class=\"wp-image-2072 size-medium\" srcset=\"https:\/\/licoresveracruz.com\/wp-content\/uploads\/2022\/06\/Furkem-tropical-210x300.png 210w, https:\/\/licoresveracruz.com\/wp-content\/uploads\/2022\/06\/Furkem-tropical-64x92.png 64w, https:\/\/licoresveracruz.com\/wp-content\/uploads\/2022\/06\/Furkem-tropical.png 465w\" sizes=\"(max-width: 210px) 100vw, 210px\" \/><\/figure>\r\n<div class=\"wp-block-media-text__content\">\r\n\r\n<em><strong>Fourrure tropicale<\/strong><\/em><em>Ingr\u00e9dients<\/em><ul class=\"wp-block-list\">\r\n \t<li>3 glace<\/li>\r\n \t<li>\u00bd once de liqueur aux herbes \u00ab\u00a0Furken\u00a0\u00bb<\/li>\r\n \t<li>1 Trait d&rsquo;Anis \u00ab\u00a0La Lupe\u00a0\u00bb<\/li>\r\n<\/ul><em>pr\u00e9paration<\/em>\r\nDans un petit verre, placez de la glace, une demi-once de Furken et un trait d&rsquo;anis doux La Lupe, secouez et servez. Tr\u00e8s cordial et digestif\r\n\r\n<\/div>\r\n<\/div><hr class=\"wp-block-separator has-text-color has-accent-color has-alpha-channel-opacity has-accent-background-color has-background is-style-dots\" \/><div class=\"wp-block-media-text alignwide is-stacked-on-mobile\" style=\"grid-template-columns: 30% auto;\">\r\n<figure class=\"wp-block-media-text__media\"><img loading=\"lazy\" decoding=\"async\" width=\"210\" height=\"300\" src=\"https:\/\/licoresveracruz.com\/wp-content\/uploads\/2022\/06\/Huevas-210x300.png\" alt=\"\" class=\"wp-image-2073 size-medium\" srcset=\"https:\/\/licoresveracruz.com\/wp-content\/uploads\/2022\/06\/Huevas-210x300.png 210w, https:\/\/licoresveracruz.com\/wp-content\/uploads\/2022\/06\/Huevas-64x92.png 64w, https:\/\/licoresveracruz.com\/wp-content\/uploads\/2022\/06\/Huevas.png 465w\" sizes=\"(max-width: 210px) 100vw, 210px\" \/><\/figure>\r\n<div class=\"wp-block-media-text__content\">\r\n\r\n<em><strong>chevreuil<\/strong><\/em><em>Ingr\u00e9dients<\/em><ul class=\"wp-block-list\">\r\n \t<li>4 glace<\/li>\r\n \t<li>1 once de liqueur de cura\u00e7ao bleu \u00ab\u00a0Ana Marina\u00a0\u00bb<\/li>\r\n \t<li>1 once de vodka \u00ab\u00a0in\u00e9gal\u00e9e\u00a0\u00bb<\/li>\r\n \t<li>Soda de Citron Vert<\/li>\r\n<\/ul><em>pr\u00e9paration<\/em>\r\nDans un verre \u00e0 pilsen avec 4 gla\u00e7ons, ajoutez une once de liqueur de cura\u00e7ao bleu \u00ab Ana Marina \u00bb et une once de vodka \u00ab Sin Rival \u00bb. Remplir de soda citron-lime et ajouter un quartier de citron.\r\n\r\n<\/div>\r\n<\/div><hr class=\"wp-block-separator has-text-color has-accent-color has-alpha-channel-opacity has-accent-background-color has-background is-style-dots\" \/><div class=\"wp-block-media-text alignwide has-media-on-the-right is-stacked-on-mobile\" style=\"grid-template-columns: auto 30%;\">\r\n<figure class=\"wp-block-media-text__media\"><img loading=\"lazy\" decoding=\"async\" width=\"210\" height=\"300\" src=\"https:\/\/licoresveracruz.com\/wp-content\/uploads\/2022\/06\/Jungle-210x300.png\" alt=\"\" class=\"wp-image-2081 size-medium\" srcset=\"https:\/\/licoresveracruz.com\/wp-content\/uploads\/2022\/06\/Jungle-210x300.png 210w, https:\/\/licoresveracruz.com\/wp-content\/uploads\/2022\/06\/Jungle-64x92.png 64w, https:\/\/licoresveracruz.com\/wp-content\/uploads\/2022\/06\/Jungle.png 465w\" sizes=\"(max-width: 210px) 100vw, 210px\" \/><\/figure>\r\n<div class=\"wp-block-media-text__content\">\r\n\r\n<em><strong>jungle<\/strong><\/em><em>Ingr\u00e9dients<\/em><ul class=\"wp-block-list\">\r\n \t<li>1 once de liqueur de banane \u00ab\u00a0Ana Marina\u00a0\u00bb<\/li>\r\n \t<li>1 once de liqueur de vodka \u00ab\u00a0Petrova\u00a0\u00bb<\/li>\r\n \t<li>1 trait de liqueur d&rsquo;orange Triple Sec \u00ab\u00a0Marina\u00a0\u00bb<\/li>\r\n \t<li>1 once de jus d&rsquo;orange<\/li>\r\n \t<li>1 once de jus d&rsquo;ananas<\/li>\r\n \t<li>1 once de grenadine<\/li>\r\n<\/ul><em>pr\u00e9paration<\/em>\r\nDans un grand verre, m\u00e9langer tous les ingr\u00e9dients dans l&rsquo;ordre indiqu\u00e9.\r\n\r\n<\/div>\r\n<\/div><hr class=\"wp-block-separator has-text-color has-accent-color has-alpha-channel-opacity has-accent-background-color has-background is-style-dots\" \/><div class=\"wp-block-media-text alignwide is-stacked-on-mobile\" style=\"grid-template-columns: 30% auto;\">\r\n<figure class=\"wp-block-media-text__media\"><img loading=\"lazy\" decoding=\"async\" width=\"210\" height=\"300\" src=\"https:\/\/licoresveracruz.com\/wp-content\/uploads\/2022\/06\/Martini-Melon-210x300.png\" alt=\"\" class=\"wp-image-2082 size-medium\" srcset=\"https:\/\/licoresveracruz.com\/wp-content\/uploads\/2022\/06\/Martini-Melon-210x300.png 210w, https:\/\/licoresveracruz.com\/wp-content\/uploads\/2022\/06\/Martini-Melon-64x92.png 64w, https:\/\/licoresveracruz.com\/wp-content\/uploads\/2022\/06\/Martini-Melon.png 465w\" sizes=\"(max-width: 210px) 100vw, 210px\" \/><\/figure>\r\n<div class=\"wp-block-media-text__content\">\r\n\r\n<em><strong>Melon-Martini<\/strong><\/em><em>Ingr\u00e9dients<\/em><ul class=\"wp-block-list\">\r\n \t<li>1 once de vodka \u00ab\u00a0in\u00e9gal\u00e9e\u00a0\u00bb<\/li>\r\n \t<li>\u00bd once de liqueur de melon \u00ab Ana Marina \u00bb<\/li>\r\n \t<li>\u00bd once de liqueur d&rsquo;orange \u00ab\u00a0Marina\u00a0\u00bb Triple Sec<\/li>\r\n \t<li>Glace<\/li>\r\n<\/ul><em>pr\u00e9paration<\/em>\r\nDans un shaker froid, m\u00e9langer 1 once de vodka \u00ab\u00a0Sin Rival\u00a0\u00bb, \u00bd once de liqueur de melon \u00ab\u00a0Ana Marina\u00a0\u00bb, \u00bd once de liqueur d&rsquo;orange \u00ab\u00a0Ana Marina\u00a0\u00bb triple sec. avec de la glace puis secou\u00e9 vigoureusement pendant 30 secondes et servi dans un verre \u00e0 martini.\r\n\r\n<\/div>\r\n<\/div><hr class=\"wp-block-separator has-text-color has-accent-color has-alpha-channel-opacity has-accent-background-color has-background is-style-dots\" \/><div class=\"wp-block-media-text alignwide has-media-on-the-right is-stacked-on-mobile\" style=\"grid-template-columns: auto 30%;\">\r\n<figure class=\"wp-block-media-text__media\"><img loading=\"lazy\" decoding=\"async\" width=\"210\" height=\"300\" src=\"https:\/\/licoresveracruz.com\/wp-content\/uploads\/2022\/06\/Mexicana-210x300.png\" alt=\"\" class=\"wp-image-2083 size-medium\" srcset=\"https:\/\/licoresveracruz.com\/wp-content\/uploads\/2022\/06\/Mexicana-210x300.png 210w, https:\/\/licoresveracruz.com\/wp-content\/uploads\/2022\/06\/Mexicana-64x92.png 64w, https:\/\/licoresveracruz.com\/wp-content\/uploads\/2022\/06\/Mexicana.png 465w\" sizes=\"(max-width: 210px) 100vw, 210px\" \/><\/figure>\r\n<div class=\"wp-block-media-text__content\">\r\n\r\n<em><strong>Mexicaine<\/strong><\/em><em>Ingr\u00e9dients<\/em><ul class=\"wp-block-list\">\r\n \t<li>1 once de liqueur de fraise \u00ab\u00a0Ana Marina\u00a0\u00bb<\/li>\r\n \t<li>\u00bd once de liqueur d&rsquo;orange \u00ab\u00a0Marina\u00a0\u00bb Triple Sec<\/li>\r\n \t<li>1 tiret de grenadine<\/li>\r\n \t<li>1 once de jus d&rsquo;ananas<\/li>\r\n \t<li>Soda de Citron Vert<\/li>\r\n<\/ul><em>pr\u00e9paration<\/em>\r\nDans un grand verre, m\u00e9langer tous les ingr\u00e9dients dans l&rsquo;ordre indiqu\u00e9.\r\n\r\n<\/div>\r\n<\/div><hr class=\"wp-block-separator has-text-color has-accent-color has-alpha-channel-opacity has-accent-background-color has-background is-style-dots\" \/><div class=\"wp-block-media-text alignwide is-stacked-on-mobile\" style=\"grid-template-columns: 30% auto;\">\r\n<figure class=\"wp-block-media-text__media\"><img loading=\"lazy\" decoding=\"async\" width=\"210\" height=\"300\" src=\"https:\/\/licoresveracruz.com\/wp-content\/uploads\/2022\/06\/Morita-210x300.png\" alt=\"\" class=\"wp-image-2084 size-medium\" srcset=\"https:\/\/licoresveracruz.com\/wp-content\/uploads\/2022\/06\/Morita-210x300.png 210w, https:\/\/licoresveracruz.com\/wp-content\/uploads\/2022\/06\/Morita-64x92.png 64w, https:\/\/licoresveracruz.com\/wp-content\/uploads\/2022\/06\/Morita.png 465w\" sizes=\"(max-width: 210px) 100vw, 210px\" \/><\/figure>\r\n<div class=\"wp-block-media-text__content\">\r\n\r\n<em><strong>myrtille<\/strong><\/em><em>Ingr\u00e9dients<\/em><ul class=\"wp-block-list\">\r\n \t<li>1 Once de Liqueur de Citron \u00ab\u00a0Othello\u00a0\u00bb<\/li>\r\n \t<li>1 once de liqueur de m\u00fbre \u00ab\u00a0Ana Marina\u00a0\u00bb<\/li>\r\n \t<li>1 once de boost<\/li>\r\n \t<li>1 once Sprite<\/li>\r\n<\/ul><em>pr\u00e9paration<\/em>\r\nDans un grand verre, m\u00e9langer tous les ingr\u00e9dients dans l&rsquo;ordre indiqu\u00e9.\r\n\r\n<\/div>\r\n<\/div><hr class=\"wp-block-separator has-text-color has-accent-color has-alpha-channel-opacity has-accent-background-color has-background is-style-dots\" \/><div class=\"wp-block-media-text alignwide has-media-on-the-right is-stacked-on-mobile\" style=\"grid-template-columns: auto 30%;\">\r\n<figure class=\"wp-block-media-text__media\"><img loading=\"lazy\" decoding=\"async\" width=\"210\" height=\"300\" src=\"https:\/\/licoresveracruz.com\/wp-content\/uploads\/2022\/06\/Pina-Colada-210x300.png\" alt=\"\" class=\"wp-image-2085 size-medium\" srcset=\"https:\/\/licoresveracruz.com\/wp-content\/uploads\/2022\/06\/Pina-Colada-210x300.png 210w, https:\/\/licoresveracruz.com\/wp-content\/uploads\/2022\/06\/Pina-Colada-64x92.png 64w, https:\/\/licoresveracruz.com\/wp-content\/uploads\/2022\/06\/Pina-Colada.png 465w\" sizes=\"(max-width: 210px) 100vw, 210px\" \/><\/figure>\r\n<div class=\"wp-block-media-text__content\">\r\n\r\n<em><strong>Pina colada<\/strong><\/em><em>Ingr\u00e9dients<\/em><ul class=\"wp-block-list\">\r\n \t<li>1\u00bd once de rhum blanc \u00ab\u00a0Mocambo\u00a0\u00bb Platine<\/li>\r\n \t<li>1 once de cr\u00e8me de noix de coco<\/li>\r\n \t<li>2 onces de jus d&rsquo;ananas<\/li>\r\n \t<li>2 onces de lait \u00e9vapor\u00e9<\/li>\r\n \t<li>glace frapp\u00e9e<\/li>\r\n \t<li>Poudre de cannelle<\/li>\r\n<\/ul><em>pr\u00e9paration<\/em>\r\nM\u00e9langer tous les ingr\u00e9dients et servir dans un verre Hurracaine, d\u00e9corer d&rsquo;une pinc\u00e9e de cannelle moulue.\r\n\r\n<\/div>\r\n<\/div><hr class=\"wp-block-separator has-text-color has-accent-color has-alpha-channel-opacity has-accent-background-color has-background is-style-dots\" \/><div class=\"wp-block-media-text alignwide is-stacked-on-mobile\" style=\"grid-template-columns: 30% auto;\">\r\n<figure class=\"wp-block-media-text__media\"><img loading=\"lazy\" decoding=\"async\" width=\"210\" height=\"300\" src=\"https:\/\/licoresveracruz.com\/wp-content\/uploads\/2022\/06\/Rapido-y-Furioso-210x300.png\" alt=\"\" class=\"wp-image-2086 size-medium\" srcset=\"https:\/\/licoresveracruz.com\/wp-content\/uploads\/2022\/06\/Rapido-y-Furioso-210x300.png 210w, https:\/\/licoresveracruz.com\/wp-content\/uploads\/2022\/06\/Rapido-y-Furioso-64x92.png 64w, https:\/\/licoresveracruz.com\/wp-content\/uploads\/2022\/06\/Rapido-y-Furioso.png 465w\" sizes=\"(max-width: 210px) 100vw, 210px\" \/><\/figure>\r\n<div class=\"wp-block-media-text__content\">\r\n\r\n<strong><em>Rapide et furieux<\/em><\/strong><em>Ingr\u00e9dients<\/em><ul class=\"wp-block-list\">\r\n \t<li>\u00bd Cheval de Liqueur de P\u00eache \u00ab\u00a0Ana Marina\u00a0\u00bb<\/li>\r\n \t<li>\u00bd verre de jus d&rsquo;ananas<\/li>\r\n<\/ul><em>pr\u00e9paration<\/em>\r\nDans un bol en verre, m\u00e9langer les ingr\u00e9dients dans l&rsquo;ordre indiqu\u00e9. Remuer et servir.\r\n\r\n<\/div>\r\n<\/div><hr class=\"wp-block-separator has-text-color has-accent-color has-alpha-channel-opacity has-accent-background-color has-background is-style-dots\" \/><div class=\"wp-block-media-text alignwide has-media-on-the-right is-stacked-on-mobile\" style=\"grid-template-columns: auto 30%;\">\r\n<figure class=\"wp-block-media-text__media\"><img loading=\"lazy\" decoding=\"async\" width=\"210\" height=\"300\" src=\"https:\/\/licoresveracruz.com\/wp-content\/uploads\/2022\/06\/Sangre-de-Toro-210x300.png\" alt=\"\" class=\"wp-image-2087 size-medium\" srcset=\"https:\/\/licoresveracruz.com\/wp-content\/uploads\/2022\/06\/Sangre-de-Toro-210x300.png 210w, https:\/\/licoresveracruz.com\/wp-content\/uploads\/2022\/06\/Sangre-de-Toro-64x92.png 64w, https:\/\/licoresveracruz.com\/wp-content\/uploads\/2022\/06\/Sangre-de-Toro.png 465w\" sizes=\"(max-width: 210px) 100vw, 210px\" \/><\/figure>\r\n<div class=\"wp-block-media-text__content\">\r\n\r\n<strong><em>Sang de taureau<\/em><\/strong><em>Ingr\u00e9dients<\/em><ul class=\"wp-block-list\">\r\n \t<li>1 once de liqueur de caf\u00e9 \u00ab\u00a0Cafka\u00a0\u00bb<\/li>\r\n \t<li>1 once de Tequila blanche \u00ab\u00a0Dos Coronas\u00a0\u00bb<\/li>\r\n \t<li>1 once de Mezcal \u00ab\u00a0Lajita\u00a0\u00bb<\/li>\r\n<\/ul><em>pr\u00e9paration<\/em>\r\nM\u00e9langer les ingr\u00e9dients dans l&rsquo;ordre indiqu\u00e9. Remuer et servir.\r\n\r\n<\/div>\r\n<\/div><hr class=\"wp-block-separator has-text-color has-accent-color has-alpha-channel-opacity has-accent-background-color has-background is-style-dots\" \/><div class=\"wp-block-media-text alignwide is-stacked-on-mobile\" style=\"grid-template-columns: 30% auto;\">\r\n<figure class=\"wp-block-media-text__media\"><img loading=\"lazy\" decoding=\"async\" width=\"210\" height=\"300\" src=\"https:\/\/licoresveracruz.com\/wp-content\/uploads\/2022\/06\/Semaforo-210x300.png\" alt=\"\" class=\"wp-image-2088 size-medium\" srcset=\"https:\/\/licoresveracruz.com\/wp-content\/uploads\/2022\/06\/Semaforo-210x300.png 210w, https:\/\/licoresveracruz.com\/wp-content\/uploads\/2022\/06\/Semaforo-64x92.png 64w, https:\/\/licoresveracruz.com\/wp-content\/uploads\/2022\/06\/Semaforo.png 465w\" sizes=\"(max-width: 210px) 100vw, 210px\" \/><\/figure>\r\n<div class=\"wp-block-media-text__content\">\r\n\r\n<em><strong>Feux de circulation<\/strong><\/em><em>Ingr\u00e9dients<\/em><ul class=\"wp-block-list\">\r\n \t<li>1 once de grenadine<\/li>\r\n \t<li>1 once de liqueur de banane \u00ab\u00a0Ana Marina\u00a0\u00bb<\/li>\r\n \t<li>1 once de liqueur de melon \u00ab\u00a0Ana Marina\u00a0\u00bb<\/li>\r\n<\/ul><em>pr\u00e9paration<\/em>\r\nDans un grand verre, m\u00e9langer tous les ingr\u00e9dients dans l&rsquo;ordre indiqu\u00e9.\r\n\r\n<\/div>\r\n<\/div><hr class=\"wp-block-separator has-text-color has-accent-color has-alpha-channel-opacity has-accent-background-color has-background is-style-dots\" \/><div class=\"wp-block-media-text alignwide has-media-on-the-right is-stacked-on-mobile\" style=\"grid-template-columns: auto 30%;\">\r\n<figure class=\"wp-block-media-text__media\"><img loading=\"lazy\" decoding=\"async\" width=\"210\" height=\"300\" src=\"https:\/\/licoresveracruz.com\/wp-content\/uploads\/2022\/06\/Sexonthebeach-210x300.png\" alt=\"\" class=\"wp-image-2089 size-medium\" srcset=\"https:\/\/licoresveracruz.com\/wp-content\/uploads\/2022\/06\/Sexonthebeach-210x300.png 210w, https:\/\/licoresveracruz.com\/wp-content\/uploads\/2022\/06\/Sexonthebeach-64x92.png 64w, https:\/\/licoresveracruz.com\/wp-content\/uploads\/2022\/06\/Sexonthebeach.png 465w\" sizes=\"(max-width: 210px) 100vw, 210px\" \/><\/figure>\r\n<div class=\"wp-block-media-text__content\">\r\n\r\n<em><strong>Sexe sur la plage<\/strong><\/em><em>Ingr\u00e9dients<\/em><ul class=\"wp-block-list\">\r\n \t<li>1 \u00bd once de liqueur de p\u00eache \u00ab Ana Marina \u00bb<\/li>\r\n \t<li>1 Once de Vodka \u00ab\u00a0Petrova\u00a0\u00bb<\/li>\r\n \t<li>1 Once de Gin \u00ab\u00a0Petrova\u00a0\u00bb<\/li>\r\n \t<li>2 onces de jus d&rsquo;orange<\/li>\r\n \t<li>2 onces de jus d&rsquo;ananas<\/li>\r\n \t<li>2 onces de grenadine<\/li>\r\n<\/ul><em>pr\u00e9paration<\/em>\r\nDans un grand verre, m\u00e9langer tous les ingr\u00e9dients dans l&rsquo;ordre indiqu\u00e9.\r\n\r\n<\/div>\r\n<\/div><hr class=\"wp-block-separator has-text-color has-accent-color has-alpha-channel-opacity has-accent-background-color has-background is-style-dots\" \/><div class=\"wp-block-media-text alignwide is-stacked-on-mobile\" style=\"grid-template-columns: 30% auto;\">\r\n<figure class=\"wp-block-media-text__media\"><img loading=\"lazy\" decoding=\"async\" width=\"210\" height=\"300\" src=\"https:\/\/licoresveracruz.com\/wp-content\/uploads\/2022\/06\/Strawberrymartini-210x300.png\" alt=\"\" class=\"wp-image-2090 size-medium\" srcset=\"https:\/\/licoresveracruz.com\/wp-content\/uploads\/2022\/06\/Strawberrymartini-210x300.png 210w, https:\/\/licoresveracruz.com\/wp-content\/uploads\/2022\/06\/Strawberrymartini-64x92.png 64w, https:\/\/licoresveracruz.com\/wp-content\/uploads\/2022\/06\/Strawberrymartini.png 465w\" sizes=\"(max-width: 210px) 100vw, 210px\" \/><\/figure>\r\n<div class=\"wp-block-media-text__content\">\r\n\r\n<em><strong>martini aux fraises<\/strong><\/em><em>Ingr\u00e9dients<\/em><ul class=\"wp-block-list\">\r\n \t<li>\u00bd once de vodka \u00ab\u00a0Petrova\u00a0\u00bb<\/li>\r\n \t<li>1 once de liqueur de fraise \u00ab\u00a0Ana Marina\u00a0\u00bb<\/li>\r\n \t<li>\u00bd once de liqueur d&rsquo;orange \u00ab\u00a0Marina\u00a0\u00bb Triple Sec.<\/li>\r\n \t<li>Tequila repos\u00e9e<\/li>\r\n<\/ul><em>pr\u00e9paration<\/em>\r\nDans un verre \u00e0 cocktail, ajouter d\u00e9licatement les ingr\u00e9dients mentionn\u00e9s ci-dessus dans le m\u00eame ordre.\r\nEnfin, il est allum\u00e9 et pris.\r\n\r\n<\/div>\r\n<\/div><hr class=\"wp-block-separator has-text-color has-accent-color has-alpha-channel-opacity has-accent-background-color has-background is-style-dots\" \/><div class=\"wp-block-media-text alignwide has-media-on-the-right is-stacked-on-mobile\" style=\"grid-template-columns: auto 30%;\">\r\n<figure class=\"wp-block-media-text__media\"><img loading=\"lazy\" decoding=\"async\" width=\"210\" height=\"300\" src=\"https:\/\/licoresveracruz.com\/wp-content\/uploads\/2022\/06\/TequilaSunrise-210x300.png\" alt=\"\" class=\"wp-image-2091 size-medium\" srcset=\"https:\/\/licoresveracruz.com\/wp-content\/uploads\/2022\/06\/TequilaSunrise-210x300.png 210w, https:\/\/licoresveracruz.com\/wp-content\/uploads\/2022\/06\/TequilaSunrise-64x92.png 64w, https:\/\/licoresveracruz.com\/wp-content\/uploads\/2022\/06\/TequilaSunrise.png 465w\" sizes=\"(max-width: 210px) 100vw, 210px\" \/><\/figure>\r\n<div class=\"wp-block-media-text__content\">\r\n\r\n<em><strong>Tequila Sunrise<\/strong><\/em><em>Ingr\u00e9dients<\/em><ul class=\"wp-block-list\">\r\n \t<li>1\u00bd once de tequila repos\u00e9e <em>\u00ab\u00a0Hijos de Villa\u00a0\u00bb<\/em><\/li>\r\n \t<li>1 tiret de grenadine<\/li>\r\n \t<li>Jus d&rsquo;orange<\/li>\r\n<\/ul><em>pr\u00e9paration<\/em>\r\nDans un verre highball, servir 1 \u00bd once de tequila repos\u00e9e <em>\u00ab\u00a0Hijos de Villa\u00a0\u00bb<\/em> , 1 trait de grenadine et compl\u00e9ter avec du jus d&rsquo;orange. Ajouter une tranche d&rsquo;orange.\r\n\r\n<\/div>\r\n<\/div><hr class=\"wp-block-separator has-text-color has-accent-color has-alpha-channel-opacity has-accent-background-color has-background is-style-dots\" \/><div class=\"wp-block-media-text alignwide is-stacked-on-mobile\" style=\"grid-template-columns: 30% auto;\">\r\n<figure class=\"wp-block-media-text__media\"><img loading=\"lazy\" decoding=\"async\" width=\"210\" height=\"300\" src=\"https:\/\/licoresveracruz.com\/wp-content\/uploads\/2022\/06\/vampire-210x300.png\" alt=\"\" class=\"wp-image-2092 size-medium\" srcset=\"https:\/\/licoresveracruz.com\/wp-content\/uploads\/2022\/06\/vampire-210x300.png 210w, https:\/\/licoresveracruz.com\/wp-content\/uploads\/2022\/06\/vampire-64x92.png 64w, https:\/\/licoresveracruz.com\/wp-content\/uploads\/2022\/06\/vampire.png 465w\" sizes=\"(max-width: 210px) 100vw, 210px\" \/><\/figure>\r\n<div class=\"wp-block-media-text__content\">\r\n\r\n<em><strong>vampire<\/strong><\/em><em>Ingr\u00e9dients<\/em><ul class=\"wp-block-list\">\r\n \t<li>1 once de sangrita \u00ab du c\u0153ur \u00bb<\/li>\r\n \t<li>1 once de tequila repos\u00e9e \u00ab\u00a0Dos Coronas\u00a0\u00bb<\/li>\r\n \t<li>Jus d&rsquo;un demi-citron<\/li>\r\n \t<li>6 Gouttes de Tabasco<\/li>\r\n \t<li>6 gouttes de sauce Worcestershire<\/li>\r\n \t<li>6 gouttes de jus d&rsquo;assaisonnement Maggie<\/li>\r\n \t<li>Boisson gazeuse ou jus de pamplemousse<\/li>\r\n<\/ul><em>pr\u00e9paration<\/em>\r\nDans un verre Co\u00f1aquera, servir 2 gla\u00e7ons, 1 once de sangrita \u00ab\u00a0Del Coraz\u00f3n\u00a0\u00bb, 1 once de tequila repos\u00e9e \u00ab\u00a0Dos Coronas\u00a0\u00bb, le jus d&rsquo;un demi-citron. Ajoutez ensuite les sauces mentionn\u00e9es ci-dessus et compl\u00e9tez avec une boisson gazeuse ou un jus de pamplemousse. Ajouter une tranche de citron\r\n\r\n<\/div>\r\n<\/div><hr class=\"wp-block-separator has-text-color has-header-overlay-color-color has-alpha-channel-opacity has-header-overlay-color-background-color has-background is-style-wide\" \/>","protected":false},"excerpt":{"rendered":"<p>Cuba Libre Ingr\u00e9dients 1 \u00bd once de rhum blanc \u00ab\u00a0Mocambo\u00a0\u00bb 1 trait de liqueur de citron \u00ab\u00a0Othello\u00a0\u00bb Boisson au cola 4 gla\u00e7ons pr\u00e9paration Mettre 4 gla\u00e7ons dans un verre highball, ajouter 1 \u00bd once de Rhum Platine Blanc \u00ab\u00a0Mocambo\u00a0\u00bb puis 1 trait de Liqueur de Citron \u00ab\u00a0Otelo\u00a0\u00bb. Enfin remplir de [&hellip;]<\/p>\n","protected":false},"author":1,"featured_media":1940,"parent":0,"menu_order":0,"comment_status":"closed","ping_status":"closed","template":"","meta":{"footnotes":""},"class_list":["post-1456","page","type-page","status-publish","has-post-thumbnail","hentry"],"_links":{"self":[{"href":"https:\/\/licoresveracruz.com\/fr\/wp-json\/wp\/v2\/pages\/1456"}],"collection":[{"href":"https:\/\/licoresveracruz.com\/fr\/wp-json\/wp\/v2\/pages"}],"about":[{"href":"https:\/\/licoresveracruz.com\/fr\/wp-json\/wp\/v2\/types\/page"}],"author":[{"embeddable":true,"href":"https:\/\/licoresveracruz.com\/fr\/wp-json\/wp\/v2\/users\/1"}],"replies":[{"embeddable":true,"href":"https:\/\/licoresveracruz.com\/fr\/wp-json\/wp\/v2\/comments?post=1456"}],"version-history":[{"count":19,"href":"https:\/\/licoresveracruz.com\/fr\/wp-json\/wp\/v2\/pages\/1456\/revisions"}],"predecessor-version":[{"id":3192,"href":"https:\/\/licoresveracruz.com\/fr\/wp-json\/wp\/v2\/pages\/1456\/revisions\/3192"}],"wp:featuredmedia":[{"embeddable":true,"href":"https:\/\/licoresveracruz.com\/fr\/wp-json\/wp\/v2\/media\/1940"}],"wp:attachment":[{"href":"https:\/\/licoresveracruz.com\/fr\/wp-json\/wp\/v2\/media?parent=1456"}],"curies":[{"name":"wp","href":"https:\/\/api.w.org\/{rel}","templated":true}]}}