{"id":558,"date":"2021-12-10T01:49:34","date_gmt":"2021-12-10T07:49:34","guid":{"rendered":"http:\/\/licoresveracruz.com\/?post_type=product&#038;p=558"},"modified":"2024-10-21T20:02:09","modified_gmt":"2024-10-22T01:02:09","slug":"mezcal_art_olvido_divino_30","status":"publish","type":"product","link":"https:\/\/licoresveracruz.com\/en\/product\/mezcal_art_olvido_divino_30\/","title":{"rendered":"ARTISANAL MEZCAL OLVIDO \u201cDIVINO\u201d ANEJO 30 YEARS"},"content":{"rendered":"<p><strong style=\"color: #850700;\">OLVIDO ARTISANAL MEZCAL \u201cDIVINO\u201d A\u00d1EJO 30 YEARS<\/strong><\/p>\n<p>It is a mezcal that was born from traditions, spokesperson for the history, passion and greatness of a country; with the destiny of maturing and transcending. Today, Mezcal A\u00f1ejo DIVINO 1984 -certified by the Mezcal Regulatory Council and tasted by a select group of experts- reveals its extraordinary bouquet. It is a unique and unrepeatable luxury that you can live today; it would take a lifetime to enjoy it again.<\/p>\n<p>History<\/p>\n<p>Time is not mistaken, when the chances of destiny play their magic, this explains the forgetfulness and the birth of the DIVINO 1984 vintage mezcal. It was in 1984, when a shipment of Espad\u00edn mezcal, distilled with Agave angustifolia Haw, arrived at the Liquors Veracruz company. The aroma that the mezcal gave off when it was poured was so pleasant that the young Jos\u00e9 Villanueva Barrag\u00e1n asked his parents, Mr. Jos\u00e9 Villanueva Arteaga and Mrs. Celia Barrag\u00e1n Espinoza, to keep a part of this extraordinary spirit to mature it. Thus, 17 barrels with approximately 3,000 liters of mezcal were protected. The twists of fate led these old barrels to be quietly confined in the most protected part of the aging section of the factory. Forgotten for many years, the protagonists meet again, author and work. Jos\u00e9 Villanueva Barrag\u00e1n, a mezcalero by family tradition, rediscovers the cargo he treasured. Thirty years later, of the 17 original barrels, only 5 could be rescued to reveal to the world an extraordinary mezcal and definitely out of the ordinary.<\/p>\n<p><em>WITHOUT BORDERS<\/em><\/p>\n<p>It should be noted that DIVINO 1984 is already successfully requested by connoisseurs, collectors and lovers of mezcal from Japan, the United States, England, Spain, France, Luxembourg and Hong Kong among other countries. This important expansion is the work of Licores Veracruz, a Mexican company with more than 65 years of experience that offers the best tequilas, mezcales, rums and liqueurs to 29 countries, from C\u00f3rdoba Veracruz.<\/p>\n<p>Bottle signed, numbered and dated by hand, accompanied by its certificate of authenticity. Protected inside an elegant case made individually by hand.<\/p>\n<p><em>Tasting Notes:<\/em><\/p>\n<p>Experts have found that the benefits of time have given it the following characteristics:<\/p>\n<p><strong>Vista<\/strong> presents a beautiful, deep copper color with golden sparkles, typical of a distillate that has been stored for many years in European oak. Very bright and with magnificent transparency.<\/p>\n<p><strong>The nose<\/strong> immediately highlights a concert of complex aromas with herbal, smoky and sweet notes reminiscent of agave, as well as walnuts, almonds, hazelnuts and a delicious touch of fine barrels that contribute to making the aroma more complex and delicious. On the<\/p>\n<p><strong>palate<\/strong> confirms what was discovered on the nose, its attack is balanced, highlighting a certain pleasant acidity that manifests a perfect balance between the classic flavor of mezcal and the character that only time in the barrel can give it.<\/p>\n","protected":false},"excerpt":{"rendered":"<p>Taste and character<\/p>\n","protected":false},"featured_media":2061,"comment_status":"open","ping_status":"closed","template":"","meta":{"_wp_convertkit_post_meta":{"form":"-1","landing_page":"0","tag":"0","restrict_content":"0"}},"product_brand":[],"product_cat":[27],"product_tag":[192],"class_list":{"0":"post-558","1":"product","2":"type-product","3":"status-publish","4":"has-post-thumbnail","6":"product_cat-mezcales","7":"product_tag-prestige","9":"first","10":"instock","11":"taxable","12":"shipping-taxable","13":"purchasable","14":"product-type-simple"},"_links":{"self":[{"href":"https:\/\/licoresveracruz.com\/en\/wp-json\/wp\/v2\/product\/558","targetHints":{"allow":["GET"]}}],"collection":[{"href":"https:\/\/licoresveracruz.com\/en\/wp-json\/wp\/v2\/product"}],"about":[{"href":"https:\/\/licoresveracruz.com\/en\/wp-json\/wp\/v2\/types\/product"}],"replies":[{"embeddable":true,"href":"https:\/\/licoresveracruz.com\/en\/wp-json\/wp\/v2\/comments?post=558"}],"wp:featuredmedia":[{"embeddable":true,"href":"https:\/\/licoresveracruz.com\/en\/wp-json\/wp\/v2\/media\/2061"}],"wp:attachment":[{"href":"https:\/\/licoresveracruz.com\/en\/wp-json\/wp\/v2\/media?parent=558"}],"wp:term":[{"taxonomy":"product_brand","embeddable":true,"href":"https:\/\/licoresveracruz.com\/en\/wp-json\/wp\/v2\/product_brand?post=558"},{"taxonomy":"product_cat","embeddable":true,"href":"https:\/\/licoresveracruz.com\/en\/wp-json\/wp\/v2\/product_cat?post=558"},{"taxonomy":"product_tag","embeddable":true,"href":"https:\/\/licoresveracruz.com\/en\/wp-json\/wp\/v2\/product_tag?post=558"}],"curies":[{"name":"wp","href":"https:\/\/api.w.org\/{rel}","templated":true}]}}