{"id":895,"date":"2022-01-07T16:45:43","date_gmt":"2022-01-07T22:45:43","guid":{"rendered":"https:\/\/licoresveracruz.com\/?page_id=895"},"modified":"2022-11-08T09:40:15","modified_gmt":"2022-11-08T15:40:15","slug":"contacto","status":"publish","type":"page","link":"https:\/\/licoresveracruz.com\/en\/contact\/","title":{"rendered":"Contact"},"content":{"rendered":"<div class=\"wp-block-columns is-layout-flex wp-container-core-columns-is-layout-1 wp-block-columns-is-layout-flex\">\r\n\r\n<div class=\"wp-block-column is-layout-flow wp-block-column-is-layout-flow\">\r\n\r\n<div class=\"hestia-info info info-horizontal\">\r\n<div class=\"icon icon-primary\"><i class=\"fas fa-map-marker-alt\"><\/i><\/div>\r\n<div class=\"description\">\r\n<h4 class=\"info-title\"><strong>Headquarters in C\u00f3rdoba<\/strong><\/h4>\r\n<span>Licores Veracruz, SA de CV<\/span> <span>Factory of High Quality Distilled Liquors<\/span> <span>Km. 341.5 C\u00f3rdoba-Veracruz Highway, Zona Industrial CP 94690<\/span> <span>C\u00f3rdoba, Ver.; Mexico<\/span>\r\n\r\n<\/div>\r\n<\/div>\r\n<div class=\"hestia-info info info-horizontal\">\r\n<div class=\"icon icon-primary\"><i class=\"fas fa-mobile-alt\"><\/i><\/div>\r\n<div class=\"description\">\r\n<h4 class=\"info-title\">call us<\/h4>\r\n<span>Phone: +52 (271) 714 0400<\/span>\r\n<span>Fax: +52 (271) 714 1770<\/span>\r\n\r\n<\/div>\r\n<\/div>\r\n\r\n<\/div><div class=\"wp-block-column is-layout-flow wp-block-column-is-layout-flow\"><div class=\"wpforms-container wpforms-container-full wpforms-block\" id=\"wpforms-897\"><form id=\"wpforms-form-897\" class=\"wpforms-validate wpforms-form wpforms-ajax-form\" data-formid=\"897\" method=\"post\" enctype=\"multipart\/form-data\" action=\"\/en\/wp-json\/wp\/v2\/pages\/895\" data-token=\"090e13c1ebd4e9acc4e9afe1bbd607ac\" data-token-time=\"1775323241\"><noscript class=\"wpforms-error-noscript\">Please enable JavaScript in your browser to complete this form.<\/noscript><div class=\"wpforms-field-container\"><div id=\"wpforms-897-field_0-container\" class=\"wpforms-field wpforms-field-name wpforms-one-half wpforms-first\" data-field-id=\"0\"><label class=\"wpforms-field-label wpforms-label-hide\" for=\"wpforms-897-field_0\">Nombre <span class=\"wpforms-required-label\">*<\/span><\/label><input type=\"text\" id=\"wpforms-897-field_0\" class=\"wpforms-field-large wpforms-field-required\" name=\"wpforms[fields][0]\" placeholder=\"Nombre\" required><\/div><div id=\"wpforms-897-field_1-container\" class=\"wpforms-field wpforms-field-email wpforms-one-half\" data-field-id=\"1\"><label class=\"wpforms-field-label wpforms-label-hide\" for=\"wpforms-897-field_1\">Email <span class=\"wpforms-required-label\">*<\/span><\/label><input type=\"email\" id=\"wpforms-897-field_1\" class=\"wpforms-field-large wpforms-field-required\" name=\"wpforms[fields][1]\" placeholder=\"Email\" spellcheck=\"false\" required><\/div><div id=\"wpforms-897-field_3-container\" class=\"wpforms-field wpforms-field-text\" data-field-id=\"3\"><label class=\"wpforms-field-label\" for=\"wpforms-897-field_3\">Asunto<\/label><input type=\"text\" id=\"wpforms-897-field_3\" class=\"wpforms-field-large\" name=\"wpforms[fields][3]\" ><\/div><div id=\"wpforms-897-field_2-container\" class=\"wpforms-field wpforms-field-textarea\" data-field-id=\"2\"><label class=\"wpforms-field-label\" for=\"wpforms-897-field_2\">Mensaje <span class=\"wpforms-required-label\">*<\/span><\/label><textarea id=\"wpforms-897-field_2\" class=\"wpforms-field-medium wpforms-field-required\" name=\"wpforms[fields][2]\" required><\/textarea><\/div><\/div><!-- .wpforms-field-container --><div class=\"wpforms-submit-container\" ><input type=\"hidden\" name=\"wpforms[id]\" value=\"897\"><input type=\"hidden\" name=\"page_title\" value=\"\"><input type=\"hidden\" name=\"page_url\" value=\"https:\/\/licoresveracruz.com\/en\/wp-json\/wp\/v2\/pages\/895\"><input type=\"hidden\" name=\"url_referer\" value=\"\"><button type=\"submit\" name=\"wpforms[submit]\" id=\"wpforms-submit-897\" class=\"wpforms-submit\" data-alt-text=\"Enviando...\" data-submit-text=\"Enviar\" aria-live=\"assertive\" value=\"wpforms-submit\">Enviar<\/button><img loading=\"lazy\" decoding=\"async\" src=\"https:\/\/licoresveracruz.com\/wp-content\/plugins\/wpforms-lite\/assets\/images\/submit-spin.svg\" class=\"wpforms-submit-spinner\" style=\"display: none;\" width=\"26\" height=\"26\" alt=\"Loading\"><\/div><\/form><\/div>  <!-- .wpforms-container --><\/div>\r\n\r\n<\/div>","protected":false},"excerpt":{"rendered":"<p>Headquarters in C\u00f3rdoba Licores Veracruz, SA de CV Factory of High Quality Distilled Liquors Km. 341.5 C\u00f3rdoba-Veracruz Highway, Zona Industrial CP 94690 C\u00f3rdoba, Ver.; Mexico call us Phone: +52 (271) 714 0400 Fax: +52 (271) 714 1770<\/p>\n","protected":false},"author":1,"featured_media":1736,"parent":0,"menu_order":0,"comment_status":"closed","ping_status":"closed","template":"page-templates\/template-fullwidth.php","meta":{"footnotes":""},"class_list":["post-895","page","type-page","status-publish","has-post-thumbnail","hentry"],"_links":{"self":[{"href":"https:\/\/licoresveracruz.com\/en\/wp-json\/wp\/v2\/pages\/895"}],"collection":[{"href":"https:\/\/licoresveracruz.com\/en\/wp-json\/wp\/v2\/pages"}],"about":[{"href":"https:\/\/licoresveracruz.com\/en\/wp-json\/wp\/v2\/types\/page"}],"author":[{"embeddable":true,"href":"https:\/\/licoresveracruz.com\/en\/wp-json\/wp\/v2\/users\/1"}],"replies":[{"embeddable":true,"href":"https:\/\/licoresveracruz.com\/en\/wp-json\/wp\/v2\/comments?post=895"}],"version-history":[{"count":9,"href":"https:\/\/licoresveracruz.com\/en\/wp-json\/wp\/v2\/pages\/895\/revisions"}],"predecessor-version":[{"id":2729,"href":"https:\/\/licoresveracruz.com\/en\/wp-json\/wp\/v2\/pages\/895\/revisions\/2729"}],"wp:featuredmedia":[{"embeddable":true,"href":"https:\/\/licoresveracruz.com\/en\/wp-json\/wp\/v2\/media\/1736"}],"wp:attachment":[{"href":"https:\/\/licoresveracruz.com\/en\/wp-json\/wp\/v2\/media?parent=895"}],"curies":[{"name":"wp","href":"https:\/\/api.w.org\/{rel}","templated":true}]}}